{"id":3,"date":"2022-10-07T11:18:13","date_gmt":"2022-10-07T11:18:13","guid":{"rendered":"https:\/\/adaptivocibus.hr\/?page_id=3"},"modified":"2023-03-22T15:40:06","modified_gmt":"2023-03-22T15:40:06","slug":"jobs-investment","status":"publish","type":"page","link":"https:\/\/adaptivocibus.hr\/en\/jobs-investment\/","title":{"rendered":"Jobs &#038; Investment"},"content":{"rendered":"<h3 class=\"wp-block-heading\"><strong>Jobs<\/strong><\/h3>\r\n<p>&nbsp;<\/p>\r\n<p><strong>Tra\u017eimo:<\/strong><\/p>\r\n<ul>\r\n<li>Dostavlja\u010de<\/li>\r\n<li>Tajne kupce<\/li>\r\n<li>Iskusne konzultante<\/li>\r\n<\/ul>\r\n<h4>Voza\u010d \/ Dostavlja\u010d:<\/h4>\r\n<p>&nbsp;<\/p>\r\n<p>Mjesto rada: Zagreb<\/p>\r\n<p>Ako si snala\u017eljiv\/a, odgovoran\/a i pouzdan\/a, uz to si odli\u010dan\/a voza\u010d\/ica i, poznaje\u0161 grad kao dlan svoje ruke, prijavi se za ovu poziciju<\/p>\r\n<p>Opis radnog mjesta:<\/p>\r\n<ul>\r\n<li>utovar narud\u017ebi u dostavno vozilo<\/li>\r\n<li>dostava na ku\u0107ne adrese kupaca<\/li>\r\n<li>isporuka i naplata robe Internet kupcima prema zadanim standardima<\/li>\r\n<li>odgovornost za to\u010dnost naplate<\/li>\r\n<li>briga za urednost i \u010disto\u0107u dodijeljenog dostavnog vozila<\/li>\r\n<\/ul>\r\n<p><strong>Od tebe o\u010dekujemo:<\/strong><\/p>\r\n<ul>\r\n<li>SSS\/KV\/VKV<\/li>\r\n<li>minimalno B kategorija<\/li>\r\n<li>6 mjeseci iskustva na sli\u010dnim poslovima<\/li>\r\n<li>prednost: iskustvo u vo\u017enji ve\u0107ih dostavnih vozila, kombija ili kamiona<\/li>\r\n<li>odgovornost, to\u010dnost, urednost, ljubaznost i uslu\u017enost<\/li>\r\n<\/ul>\r\n<p><strong>Nudimo ti:<\/strong><\/p>\r\n<ul>\r\n<li>rad u prijateljskom okru\u017eenju<\/li>\r\n<li>priliku za stalno zaposlenje i napredovanje<\/li>\r\n<li>uz redovita fiksna primanja, pla\u0107ene tro\u0161kove prijevoza i sve dodatke za rad nedjeljom i blagdanom te eventualni prekovremeni rad,<\/li>\r\n<li>zaposlenici ostvaruju atraktivne mjese\u010dne stimulacije ovisno o svojem u\u010dinku.<\/li>\r\n<\/ul>\r\n<h4><strong>Tajni kupac:<\/strong><\/h4>\r\n<p>&nbsp;<\/p>\r\n<p>Tajni kupci u ugostiteljstvu su prethodno educirani djelatnici koji se na zahtjev odre\u0111enog poduze\u0107a pretvaraju da su potencijalni i redovni kupci usluga nekog restorana ili ne\u010dijeg objekta gdje vlasnik \u017eeli objektivnu procjenu usluge.<br \/>Pritom prema unaprijed definiranim kriterijima detaljno i objektivno mjere kvalitetu usluge tog poduze\u0107a i\/ili njegovih konkurenata s ciljem njezina pobolj\u0161anja te nakon toga na odgovaraju\u0107i na\u010din izvje\u0161tavaju o svom iskustvu na usporediv i konzistentan na\u010din te predla\u017eemo pobolj\u0161anja vlasniku, postavljamo standarde za njegov objekat.<\/p>\r\n<p>Mystery nije fokusiran isklju\u010divo na interakciju kupca i prodajnog osoblja, ve\u0107 na cjelokupno iskustvo kupaca (tzv. customer experience management) na koje osim prodajnog osoblja utje\u010du i prostor, kvaliteta hrane, pi\u0107a, proizvod, cijena, na\u010din pru\u017eanja usluge i dr.<br \/>Ukoliko vam sve to zvu\u010di zanimljivo i ve\u0107 se mo\u017eete zamisliti kao profesionalac koji obilazi prodajna mjesta i analizira detalje, sada je prilika da se oku\u0161ate u praksi!<\/p>\r\n<p>Adaptivo Cibus do.o. tra\u017ei vi\u0161e djelatnika za poziciju Tajni kupac (m\/\u017e) na podru\u010dju cijele Hrvatske te sukladno mjestu va\u0161eg stanovanja.<br \/>Idealan ste kandidat ako ste, osim ve\u0107 spomenutih kriterija, imate znanje iz podru\u010dja Horeca sektora i bili voditelj nekog objekta, odgovorni i pouzdani, objektivni te imate dobre organizacijske i komunikacijske vje\u0161tine.<\/p>\r\n<h4>Konzultanti:<\/h4>\r\n<p>&nbsp;<\/p>\r\n<p>Slobodno nazovite! Na\u0107i \u0107emo rje\u0161enja za vas problem od Haccap-a do popravka menija!<br \/>Manjak zaista kompetentnih i profesionalnih kuhara, mansgera s jedne, te vi\u0161ak restorana i hotela s druge strane, doveo je do nagle afirmacije konzultantskog zanimanja. Posao chefa konzultanta ili voditelja restorana u inozemstvu ve\u0107 je dugo sasvim uobi\u010dajen: cijele tvrtke bave se postavljanjem kuhinja i jelovnika pojedinih restorana i lanaca restorana.<\/p>\r\n<p>Tra\u017eimo konzultante koji su sposobni iznjeti sve faze konzultantskog posla, koje su uklju\u010duju projektiranje kuhinje i naru\u010divanje opreme, izradu menija i receptura, kao i vi\u0161etjedni trening kuhara i servisnog osoblja.<\/p>\r\n<p>U \u0161irem smislu, restoranski konzalting uklju\u010duje ure\u0111enje i brendiranje restorana, a radimo to i za hotele.<\/p>\r\n<p>Kod nas se konzalting \u010desto svodi samo na intervencije u jelovniku ili na pisanje jelovnika, te na povremene edukacije gdje mi izlazimo kupcima u susret i radimo ono \u0161to vlasnici tra\u017ee. I takvi prilago\u0111eni oblici kuharskog konzaltinga mogu donijeti dobre rezultate.<br \/>Stoga ukoliko ti je ista od ovoga poznato, \u017eeli\u0161 se baviti takvim stresnim poslom, slobodno nam se pridru\u017ei te po\u0161alji svoj CV.<\/p>\r\n\r\n\r\n\r\n<h3>\u00a0<\/h3>\r\n<h2>Investment<\/h2>\r\n<p>&nbsp;<\/p>\r\n<p><strong>Investiraj:<\/strong><\/p>\r\n<ul>\r\n<li>fran\u0161ize<\/li>\r\n<li>prodaja ugostiteljskih objekata i apartmana<\/li>\r\n<\/ul>","protected":false},"excerpt":{"rendered":"<p>Jobs &nbsp; Tra\u017eimo: Dostavlja\u010de Tajne kupce Iskusne konzultante Voza\u010d \/ Dostavlja\u010d: &nbsp; Mjesto rada: Zagreb Ako si snala\u017eljiv\/a, odgovoran\/a i pouzdan\/a, uz to si odli\u010dan\/a voza\u010d\/ica i, poznaje\u0161 grad kao dlan svoje ruke, prijavi se za ovu poziciju Opis radnog mjesta: utovar narud\u017ebi u dostavno vozilo dostava na ku\u0107ne adrese kupaca isporuka i naplata robe [&hellip;]<\/p>\n","protected":false},"author":1,"featured_media":179,"parent":0,"menu_order":0,"comment_status":"closed","ping_status":"open","template":"","meta":{"site-sidebar-layout":"default","site-content-layout":"default","ast-site-content-layout":"default","site-content-style":"default","site-sidebar-style":"default","ast-global-header-display":"","ast-banner-title-visibility":"","ast-main-header-display":"","ast-hfb-above-header-display":"","ast-hfb-below-header-display":"","ast-hfb-mobile-header-display":"","site-post-title":"","ast-breadcrumbs-content":"","ast-featured-img":"","footer-sml-layout":"","ast-disable-related-posts":"","theme-transparent-header-meta":"default","adv-header-id-meta":"","stick-header-meta":"default","header-above-stick-meta":"","header-main-stick-meta":"","header-below-stick-meta":"","astra-migrate-meta-layouts":"default","ast-page-background-enabled":"default","ast-page-background-meta":{"desktop":{"background-color":"","background-image":"","background-repeat":"repeat","background-position":"center center","background-size":"auto","background-attachment":"scroll","background-type":"","background-media":"","overlay-type":"","overlay-color":"","overlay-opacity":"","overlay-gradient":""},"tablet":{"background-color":"","background-image":"","background-repeat":"repeat","background-position":"center center","background-size":"auto","background-attachment":"scroll","background-type":"","background-media":"","overlay-type":"","overlay-color":"","overlay-opacity":"","overlay-gradient":""},"mobile":{"background-color":"","background-image":"","background-repeat":"repeat","background-position":"center center","background-size":"auto","background-attachment":"scroll","background-type":"","background-media":"","overlay-type":"","overlay-color":"","overlay-opacity":"","overlay-gradient":""}},"ast-content-background-meta":{"desktop":{"background-color":"var(--ast-global-color-5)","background-image":"","background-repeat":"repeat","background-position":"center center","background-size":"auto","background-attachment":"scroll","background-type":"","background-media":"","overlay-type":"","overlay-color":"","overlay-opacity":"","overlay-gradient":""},"tablet":{"background-color":"var(--ast-global-color-5)","background-image":"","background-repeat":"repeat","background-position":"center center","background-size":"auto","background-attachment":"scroll","background-type":"","background-media":"","overlay-type":"","overlay-color":"","overlay-opacity":"","overlay-gradient":""},"mobile":{"background-color":"var(--ast-global-color-5)","background-image":"","background-repeat":"repeat","background-position":"center center","background-size":"auto","background-attachment":"scroll","background-type":"","background-media":"","overlay-type":"","overlay-color":"","overlay-opacity":"","overlay-gradient":""}},"footnotes":""},"class_list":["post-3","page","type-page","status-publish","has-post-thumbnail","hentry"],"yoast_head":"<!-- This site is optimized with the Yoast SEO plugin v27.1.1 - https:\/\/yoast.com\/product\/yoast-seo-wordpress\/ -->\n<title>Jobs &amp; Investment -<\/title>\n<meta name=\"description\" content=\"Pogledajte mogu\u0107nost zaposlenja u na\u0161oj tvrtki. Ovo je popis poslova koje nudimo ali i suradnji. Jobs &amp; investment\" \/>\n<meta name=\"robots\" content=\"index, follow, max-snippet:-1, max-image-preview:large, max-video-preview:-1\" \/>\n<link rel=\"canonical\" href=\"https:\/\/adaptivocibus.hr\/en\/jobs-investment\/\" \/>\n<meta property=\"og:locale\" content=\"en_GB\" \/>\n<meta property=\"og:type\" content=\"article\" \/>\n<meta property=\"og:title\" content=\"Jobs &amp; Investment -\" \/>\n<meta property=\"og:description\" content=\"Pogledajte mogu\u0107nost zaposlenja u na\u0161oj tvrtki. Ovo je popis poslova koje nudimo ali i suradnji. Jobs &amp; investment\" \/>\n<meta property=\"og:url\" content=\"https:\/\/adaptivocibus.hr\/en\/jobs-investment\/\" \/>\n<meta property=\"article:publisher\" content=\"https:\/\/www.facebook.com\/adaptivocibus\/\" \/>\n<meta property=\"article:modified_time\" content=\"2023-03-22T15:40:06+00:00\" \/>\n<meta property=\"og:image\" content=\"https:\/\/adaptivocibus.hr\/wp-content\/uploads\/2021\/05\/contact.jpg\" \/>\n\t<meta property=\"og:image:width\" content=\"1920\" \/>\n\t<meta property=\"og:image:height\" content=\"1080\" \/>\n\t<meta property=\"og:image:type\" content=\"image\/jpeg\" \/>\n<meta name=\"twitter:card\" content=\"summary_large_image\" \/>\n<meta name=\"twitter:label1\" content=\"Estimated reading time\" \/>\n\t<meta name=\"twitter:data1\" content=\"3 minutes\" \/>\n<script type=\"application\/ld+json\" class=\"yoast-schema-graph\">{\"@context\":\"https:\/\/schema.org\",\"@graph\":[{\"@type\":\"WebPage\",\"@id\":\"https:\/\/adaptivocibus.hr\/jobs-investment\/\",\"url\":\"https:\/\/adaptivocibus.hr\/jobs-investment\/\",\"name\":\"Jobs & Investment -\",\"isPartOf\":{\"@id\":\"https:\/\/adaptivocibus.hr\/#website\"},\"primaryImageOfPage\":{\"@id\":\"https:\/\/adaptivocibus.hr\/jobs-investment\/#primaryimage\"},\"image\":{\"@id\":\"https:\/\/adaptivocibus.hr\/jobs-investment\/#primaryimage\"},\"thumbnailUrl\":\"https:\/\/adaptivocibus.hr\/wp-content\/uploads\/2021\/05\/contact.jpg\",\"datePublished\":\"2022-10-07T11:18:13+00:00\",\"dateModified\":\"2023-03-22T15:40:06+00:00\",\"description\":\"Pogledajte mogu\u0107nost zaposlenja u na\u0161oj tvrtki. Ovo je popis poslova koje nudimo ali i suradnji. Jobs & investment\",\"breadcrumb\":{\"@id\":\"https:\/\/adaptivocibus.hr\/jobs-investment\/#breadcrumb\"},\"inLanguage\":\"en-GB\",\"potentialAction\":[{\"@type\":\"ReadAction\",\"target\":[\"https:\/\/adaptivocibus.hr\/jobs-investment\/\"]}]},{\"@type\":\"ImageObject\",\"inLanguage\":\"en-GB\",\"@id\":\"https:\/\/adaptivocibus.hr\/jobs-investment\/#primaryimage\",\"url\":\"https:\/\/adaptivocibus.hr\/wp-content\/uploads\/2021\/05\/contact.jpg\",\"contentUrl\":\"https:\/\/adaptivocibus.hr\/wp-content\/uploads\/2021\/05\/contact.jpg\",\"width\":1920,\"height\":1080,\"caption\":\"Jobs & Investment Uvjeti poslovanja\"},{\"@type\":\"BreadcrumbList\",\"@id\":\"https:\/\/adaptivocibus.hr\/jobs-investment\/#breadcrumb\",\"itemListElement\":[{\"@type\":\"ListItem\",\"position\":1,\"name\":\"Po\u010detna stranica\",\"item\":\"https:\/\/adaptivocibus.hr\/en\/\"},{\"@type\":\"ListItem\",\"position\":2,\"name\":\"Jobs &#038; Investment\"}]},{\"@type\":\"WebSite\",\"@id\":\"https:\/\/adaptivocibus.hr\/#website\",\"url\":\"https:\/\/adaptivocibus.hr\/\",\"name\":\"Adaptivo Cibus d.o.o.\",\"description\":\"\",\"publisher\":{\"@id\":\"https:\/\/adaptivocibus.hr\/#organization\"},\"potentialAction\":[{\"@type\":\"SearchAction\",\"target\":{\"@type\":\"EntryPoint\",\"urlTemplate\":\"https:\/\/adaptivocibus.hr\/?s={search_term_string}\"},\"query-input\":{\"@type\":\"PropertyValueSpecification\",\"valueRequired\":true,\"valueName\":\"search_term_string\"}}],\"inLanguage\":\"en-GB\"},{\"@type\":\"Organization\",\"@id\":\"https:\/\/adaptivocibus.hr\/#organization\",\"name\":\"Adaptivo Cibus d.o.o.\",\"url\":\"https:\/\/adaptivocibus.hr\/\",\"logo\":{\"@type\":\"ImageObject\",\"inLanguage\":\"en-GB\",\"@id\":\"https:\/\/adaptivocibus.hr\/#\/schema\/logo\/image\/\",\"url\":\"https:\/\/adaptivocibus.hr\/wp-content\/uploads\/2023\/01\/aDAPTIVO.png\",\"contentUrl\":\"https:\/\/adaptivocibus.hr\/wp-content\/uploads\/2023\/01\/aDAPTIVO.png\",\"width\":1339,\"height\":635,\"caption\":\"Adaptivo Cibus d.o.o.\"},\"image\":{\"@id\":\"https:\/\/adaptivocibus.hr\/#\/schema\/logo\/image\/\"},\"sameAs\":[\"https:\/\/www.facebook.com\/adaptivocibus\/\",\"https:\/\/www.instagram.com\/adaptivocibus.hr\/\"]}]}<\/script>\n<!-- \/ Yoast SEO plugin. -->","yoast_head_json":{"title":"Jobs & Investment -","description":"Pogledajte mogu\u0107nost zaposlenja u na\u0161oj tvrtki. Ovo je popis poslova koje nudimo ali i suradnji. Jobs & investment","robots":{"index":"index","follow":"follow","max-snippet":"max-snippet:-1","max-image-preview":"max-image-preview:large","max-video-preview":"max-video-preview:-1"},"canonical":"https:\/\/adaptivocibus.hr\/en\/jobs-investment\/","og_locale":"en_GB","og_type":"article","og_title":"Jobs & Investment -","og_description":"Pogledajte mogu\u0107nost zaposlenja u na\u0161oj tvrtki. Ovo je popis poslova koje nudimo ali i suradnji. Jobs & investment","og_url":"https:\/\/adaptivocibus.hr\/en\/jobs-investment\/","article_publisher":"https:\/\/www.facebook.com\/adaptivocibus\/","article_modified_time":"2023-03-22T15:40:06+00:00","og_image":[{"width":1920,"height":1080,"url":"https:\/\/adaptivocibus.hr\/wp-content\/uploads\/2021\/05\/contact.jpg","type":"image\/jpeg"}],"twitter_card":"summary_large_image","twitter_misc":{"Estimated reading time":"3 minutes"},"schema":{"@context":"https:\/\/schema.org","@graph":[{"@type":"WebPage","@id":"https:\/\/adaptivocibus.hr\/jobs-investment\/","url":"https:\/\/adaptivocibus.hr\/jobs-investment\/","name":"Jobs & Investment -","isPartOf":{"@id":"https:\/\/adaptivocibus.hr\/#website"},"primaryImageOfPage":{"@id":"https:\/\/adaptivocibus.hr\/jobs-investment\/#primaryimage"},"image":{"@id":"https:\/\/adaptivocibus.hr\/jobs-investment\/#primaryimage"},"thumbnailUrl":"https:\/\/adaptivocibus.hr\/wp-content\/uploads\/2021\/05\/contact.jpg","datePublished":"2022-10-07T11:18:13+00:00","dateModified":"2023-03-22T15:40:06+00:00","description":"Pogledajte mogu\u0107nost zaposlenja u na\u0161oj tvrtki. Ovo je popis poslova koje nudimo ali i suradnji. Jobs & investment","breadcrumb":{"@id":"https:\/\/adaptivocibus.hr\/jobs-investment\/#breadcrumb"},"inLanguage":"en-GB","potentialAction":[{"@type":"ReadAction","target":["https:\/\/adaptivocibus.hr\/jobs-investment\/"]}]},{"@type":"ImageObject","inLanguage":"en-GB","@id":"https:\/\/adaptivocibus.hr\/jobs-investment\/#primaryimage","url":"https:\/\/adaptivocibus.hr\/wp-content\/uploads\/2021\/05\/contact.jpg","contentUrl":"https:\/\/adaptivocibus.hr\/wp-content\/uploads\/2021\/05\/contact.jpg","width":1920,"height":1080,"caption":"Jobs & Investment Uvjeti poslovanja"},{"@type":"BreadcrumbList","@id":"https:\/\/adaptivocibus.hr\/jobs-investment\/#breadcrumb","itemListElement":[{"@type":"ListItem","position":1,"name":"Po\u010detna stranica","item":"https:\/\/adaptivocibus.hr\/en\/"},{"@type":"ListItem","position":2,"name":"Jobs &#038; Investment"}]},{"@type":"WebSite","@id":"https:\/\/adaptivocibus.hr\/#website","url":"https:\/\/adaptivocibus.hr\/","name":"Adaptivo Cibus d.o.o.","description":"","publisher":{"@id":"https:\/\/adaptivocibus.hr\/#organization"},"potentialAction":[{"@type":"SearchAction","target":{"@type":"EntryPoint","urlTemplate":"https:\/\/adaptivocibus.hr\/?s={search_term_string}"},"query-input":{"@type":"PropertyValueSpecification","valueRequired":true,"valueName":"search_term_string"}}],"inLanguage":"en-GB"},{"@type":"Organization","@id":"https:\/\/adaptivocibus.hr\/#organization","name":"Adaptivo Cibus d.o.o.","url":"https:\/\/adaptivocibus.hr\/","logo":{"@type":"ImageObject","inLanguage":"en-GB","@id":"https:\/\/adaptivocibus.hr\/#\/schema\/logo\/image\/","url":"https:\/\/adaptivocibus.hr\/wp-content\/uploads\/2023\/01\/aDAPTIVO.png","contentUrl":"https:\/\/adaptivocibus.hr\/wp-content\/uploads\/2023\/01\/aDAPTIVO.png","width":1339,"height":635,"caption":"Adaptivo Cibus d.o.o."},"image":{"@id":"https:\/\/adaptivocibus.hr\/#\/schema\/logo\/image\/"},"sameAs":["https:\/\/www.facebook.com\/adaptivocibus\/","https:\/\/www.instagram.com\/adaptivocibus.hr\/"]}]}},"_links":{"self":[{"href":"https:\/\/adaptivocibus.hr\/en\/wp-json\/wp\/v2\/pages\/3","targetHints":{"allow":["GET"]}}],"collection":[{"href":"https:\/\/adaptivocibus.hr\/en\/wp-json\/wp\/v2\/pages"}],"about":[{"href":"https:\/\/adaptivocibus.hr\/en\/wp-json\/wp\/v2\/types\/page"}],"author":[{"embeddable":true,"href":"https:\/\/adaptivocibus.hr\/en\/wp-json\/wp\/v2\/users\/1"}],"replies":[{"embeddable":true,"href":"https:\/\/adaptivocibus.hr\/en\/wp-json\/wp\/v2\/comments?post=3"}],"version-history":[{"count":3,"href":"https:\/\/adaptivocibus.hr\/en\/wp-json\/wp\/v2\/pages\/3\/revisions"}],"predecessor-version":[{"id":2369,"href":"https:\/\/adaptivocibus.hr\/en\/wp-json\/wp\/v2\/pages\/3\/revisions\/2369"}],"wp:featuredmedia":[{"embeddable":true,"href":"https:\/\/adaptivocibus.hr\/en\/wp-json\/wp\/v2\/media\/179"}],"wp:attachment":[{"href":"https:\/\/adaptivocibus.hr\/en\/wp-json\/wp\/v2\/media?parent=3"}],"curies":[{"name":"wp","href":"https:\/\/api.w.org\/{rel}","templated":true}]}}