{"id":2005,"date":"2023-01-18T11:05:12","date_gmt":"2023-01-18T11:05:12","guid":{"rendered":"https:\/\/adaptivocibus.hr\/?page_id=2005"},"modified":"2025-06-25T10:05:22","modified_gmt":"2025-06-25T10:05:22","slug":"dwich","status":"publish","type":"page","link":"https:\/\/adaptivocibus.hr\/en\/dwich\/","title":{"rendered":"DWich"},"content":{"rendered":"<div data-elementor-type=\"wp-page\" data-elementor-id=\"2005\" class=\"elementor elementor-2005\">\n\t\t\t\t\t\t<section class=\"elementor-section elementor-top-section elementor-element elementor-element-954acb8 elementor-section-boxed elementor-section-height-default elementor-section-height-default\" data-id=\"954acb8\" data-element_type=\"section\" data-e-type=\"section\" data-settings=\"{&quot;background_background&quot;:&quot;classic&quot;}\">\n\t\t\t\t\t\t\t<div class=\"elementor-background-overlay\"><\/div>\n\t\t\t\t\t\t\t<div class=\"elementor-container elementor-column-gap-no\">\n\t\t\t\t\t<div class=\"elementor-column elementor-col-100 elementor-top-column elementor-element elementor-element-77d49fb\" data-id=\"77d49fb\" data-element_type=\"column\" data-e-type=\"column\">\n\t\t\t<div class=\"elementor-widget-wrap elementor-element-populated\">\n\t\t\t\t\t\t<div class=\"elementor-element elementor-element-4164874 elementor-widget elementor-widget-heading\" data-id=\"4164874\" data-element_type=\"widget\" data-e-type=\"widget\" data-widget_type=\"heading.default\">\n\t\t\t\t<div class=\"elementor-widget-container\">\n\t\t\t\t\t<h1 class=\"elementor-heading-title elementor-size-default\"><a href=\"https:\/\/dwich.net\/\" target=\"_blank\">DWich<\/a><\/h1>\t\t\t\t<\/div>\n\t\t\t\t<\/div>\n\t\t\t\t\t<\/div>\n\t\t<\/div>\n\t\t\t\t\t<\/div>\n\t\t<\/section>\n\t\t\t\t<section class=\"elementor-section elementor-top-section elementor-element elementor-element-c3c7397 elementor-section-boxed elementor-section-height-default elementor-section-height-default\" data-id=\"c3c7397\" data-element_type=\"section\" data-e-type=\"section\">\n\t\t\t\t\t\t<div class=\"elementor-container elementor-column-gap-no\">\n\t\t\t\t\t<div class=\"elementor-column elementor-col-100 elementor-top-column elementor-element elementor-element-706dbbf\" data-id=\"706dbbf\" data-element_type=\"column\" data-e-type=\"column\">\n\t\t\t<div class=\"elementor-widget-wrap elementor-element-populated\">\n\t\t\t\t\t\t<div class=\"elementor-element elementor-element-8fc1c07 elementor-widget elementor-widget-heading\" data-id=\"8fc1c07\" data-element_type=\"widget\" data-e-type=\"widget\" data-widget_type=\"heading.default\">\n\t\t\t\t<div class=\"elementor-widget-container\">\n\t\t\t\t\t<h4 class=\"elementor-heading-title elementor-size-default\">Food, no matter how simple it is, must be a gastronomic experience. Therefore, every sandwich should be like that. Whether it's our creation or a well-known, favorite classic.<\/h4>\t\t\t\t<\/div>\n\t\t\t\t<\/div>\n\t\t\t\t<div class=\"elementor-element elementor-element-b99c008 elementor-widget elementor-widget-image\" data-id=\"b99c008\" data-element_type=\"widget\" data-e-type=\"widget\" data-widget_type=\"image.default\">\n\t\t\t\t<div class=\"elementor-widget-container\">\n\t\t\t\t\t\t\t\t\t\t\t\t\t\t\t<img fetchpriority=\"high\" decoding=\"async\" width=\"1280\" height=\"688\" src=\"https:\/\/adaptivocibus.hr\/wp-content\/uploads\/2023\/01\/pexels-rachel-claire-5864588.jpg\" class=\"attachment-full size-full wp-image-2182\" alt=\"D&#039;Wich\" srcset=\"https:\/\/adaptivocibus.hr\/wp-content\/uploads\/2023\/01\/pexels-rachel-claire-5864588.jpg 1280w, https:\/\/adaptivocibus.hr\/wp-content\/uploads\/2023\/01\/pexels-rachel-claire-5864588-300x161.jpg 300w, https:\/\/adaptivocibus.hr\/wp-content\/uploads\/2023\/01\/pexels-rachel-claire-5864588-1024x550.jpg 1024w, https:\/\/adaptivocibus.hr\/wp-content\/uploads\/2023\/01\/pexels-rachel-claire-5864588-768x413.jpg 768w\" sizes=\"(max-width: 1280px) 100vw, 1280px\" \/>\t\t\t\t\t\t\t\t\t\t\t\t\t\t\t<\/div>\n\t\t\t\t<\/div>\n\t\t\t\t\t<\/div>\n\t\t<\/div>\n\t\t\t\t\t<\/div>\n\t\t<\/section>\n\t\t\t\t<section class=\"elementor-section elementor-top-section elementor-element elementor-element-23dc75b elementor-section-boxed elementor-section-height-default elementor-section-height-default\" data-id=\"23dc75b\" data-element_type=\"section\" data-e-type=\"section\">\n\t\t\t\t\t\t<div class=\"elementor-container elementor-column-gap-no\">\n\t\t\t\t\t<div class=\"elementor-column elementor-col-100 elementor-top-column elementor-element elementor-element-abe5108\" data-id=\"abe5108\" data-element_type=\"column\" data-e-type=\"column\">\n\t\t\t<div class=\"elementor-widget-wrap elementor-element-populated\">\n\t\t\t\t\t\t<div class=\"elementor-element elementor-element-6a4afa1 elementor-widget__width-auto elementor-widget-mobile__width-inherit elementor-widget elementor-widget-heading\" data-id=\"6a4afa1\" data-element_type=\"widget\" data-e-type=\"widget\" data-widget_type=\"heading.default\">\n\t\t\t\t<div class=\"elementor-widget-container\">\n\t\t\t\t\t<h2 class=\"elementor-heading-title elementor-size-default\"><a href=\"https:\/\/dwich.net\/\" target=\"_blank\">DWich je pop Up restoran<\/a><\/h2>\t\t\t\t<\/div>\n\t\t\t\t<\/div>\n\t\t\t\t<div class=\"elementor-element elementor-element-a72b8b2 elementor-vertical-align-top elementor-widget elementor-widget-image-box\" data-id=\"a72b8b2\" data-element_type=\"widget\" data-e-type=\"widget\" data-widget_type=\"image-box.default\">\n\t\t\t\t<div class=\"elementor-widget-container\">\n\t\t\t\t\t<div class=\"elementor-image-box-wrapper\"><div class=\"elementor-image-box-content\"><h4 class=\"elementor-image-box-title\">What makes it special?<\/h4><p class=\"elementor-image-box-description\">We nurture the cult of sandwiches. Which means that we are actually preparing street style food on a new level, and one that gives the ultimate gastronomic experience.<br><br>\nWe are determined to prepare each sandwich as a gastronomic experience, which requires a lot of knowledge, skills, but also a feeling for food and its superb taste.<br><br>\nAlong with the classic sandwiches you love, there are our creations inspired by events, experiences, people... enriched with a sauce created in our kitchen, with a home-made taste and adapted to your habits but wishes to try something new!<br><br><\/p><\/div><\/div>\t\t\t\t<\/div>\n\t\t\t\t<\/div>\n\t\t\t\t\t<\/div>\n\t\t<\/div>\n\t\t\t\t\t<\/div>\n\t\t<\/section>\n\t\t\t\t<section class=\"elementor-section elementor-top-section elementor-element elementor-element-907abb9 elementor-section-boxed elementor-section-height-default elementor-section-height-default\" data-id=\"907abb9\" data-element_type=\"section\" data-e-type=\"section\" data-settings=\"{&quot;background_background&quot;:&quot;classic&quot;}\">\n\t\t\t\t\t\t\t<div class=\"elementor-background-overlay\"><\/div>\n\t\t\t\t\t\t\t<div class=\"elementor-container elementor-column-gap-default\">\n\t\t\t\t\t<div class=\"elementor-column elementor-col-100 elementor-top-column elementor-element elementor-element-898eeff\" data-id=\"898eeff\" data-element_type=\"column\" data-e-type=\"column\">\n\t\t\t<div class=\"elementor-widget-wrap elementor-element-populated\">\n\t\t\t\t\t\t<div class=\"elementor-element elementor-element-22dab9a elementor-widget elementor-widget-text-editor\" data-id=\"22dab9a\" data-element_type=\"widget\" data-e-type=\"widget\" data-widget_type=\"text-editor.default\">\n\t\t\t\t<div class=\"elementor-widget-container\">\n\t\t\t\t\t\t\t\t\t<p style=\"text-align: center;\">Check out our rich menu <a href=\"https:\/\/adaptivocibus.hr\/wp-content\/uploads\/2025\/06\/DWICINBOX-CJENIK-final.pdf\">DWICH IN BOX &#8211; MENI<\/a><\/p><p style=\"text-align: center;\">Visit us at Savski Gaj, II put no. 15 and enjoy<\/p><p style=\"text-align: center;\">or check our online offer at <a href=\"http:\/\/dwich.net\" target=\"_blank\" rel=\"noopener\">DWich web<\/a> and order if you like.\u00a0<\/p>\t\t\t\t\t\t\t\t<\/div>\n\t\t\t\t<\/div>\n\t\t\t\t\t<\/div>\n\t\t<\/div>\n\t\t\t\t\t<\/div>\n\t\t<\/section>\n\t\t\t\t<section class=\"elementor-section elementor-top-section elementor-element elementor-element-a4f8e85 elementor-section-boxed elementor-section-height-default elementor-section-height-default\" data-id=\"a4f8e85\" data-element_type=\"section\" data-e-type=\"section\">\n\t\t\t\t\t\t<div class=\"elementor-container elementor-column-gap-no\">\n\t\t\t\t\t<div class=\"elementor-column elementor-col-50 elementor-top-column elementor-element elementor-element-71ea97b\" data-id=\"71ea97b\" data-element_type=\"column\" data-e-type=\"column\">\n\t\t\t<div class=\"elementor-widget-wrap elementor-element-populated\">\n\t\t\t\t\t\t<div class=\"elementor-element elementor-element-72b7474 elementor-widget elementor-widget-heading\" data-id=\"72b7474\" data-element_type=\"widget\" data-e-type=\"widget\" data-widget_type=\"heading.default\">\n\t\t\t\t<div class=\"elementor-widget-container\">\n\t\t\t\t\t<h2 class=\"elementor-heading-title elementor-size-default\">We are loved by many!\n<\/h2>\t\t\t\t<\/div>\n\t\t\t\t<\/div>\n\t\t\t\t<div class=\"elementor-element elementor-element-8b3cc51 elementor-widget elementor-widget-testimonial\" data-id=\"8b3cc51\" data-element_type=\"widget\" data-e-type=\"widget\" data-widget_type=\"testimonial.default\">\n\t\t\t\t<div class=\"elementor-widget-container\">\n\t\t\t\t\t\t\t<div class=\"elementor-testimonial-wrapper\">\n\t\t\t\t\t\t\t<div class=\"elementor-testimonial-content\">Honest recommendations to everyone who is looking for partners for the education of their team. Expertise, support and good energy are what delighted us.\n<\/div>\n\t\t\t\n\t\t\t\t\t\t<div class=\"elementor-testimonial-meta elementor-has-image elementor-testimonial-image-position-aside\">\n\t\t\t\t<div class=\"elementor-testimonial-meta-inner\">\n\t\t\t\t\t\t\t\t\t\t\t<div class=\"elementor-testimonial-image\">\n\t\t\t\t\t\t\t<img decoding=\"async\" width=\"200\" height=\"200\" src=\"https:\/\/adaptivocibus.hr\/wp-content\/uploads\/2021\/05\/customer-img.jpg\" class=\"attachment-full size-full wp-image-84\" alt=\"\" srcset=\"https:\/\/adaptivocibus.hr\/wp-content\/uploads\/2021\/05\/customer-img.jpg 200w, https:\/\/adaptivocibus.hr\/wp-content\/uploads\/2021\/05\/customer-img-150x150.jpg 150w, https:\/\/adaptivocibus.hr\/wp-content\/uploads\/2021\/05\/customer-img-100x100.jpg 100w\" sizes=\"(max-width: 200px) 100vw, 200px\" \/>\t\t\t\t\t\t<\/div>\n\t\t\t\t\t\n\t\t\t\t\t\t\t\t\t\t<div class=\"elementor-testimonial-details\">\n\t\t\t\t\t\t\t\t\t\t\t\t\t\t<div class=\"elementor-testimonial-name\">Ana Marija Koren<\/div>\n\t\t\t\t\t\t\t\t\t\t\t\t\t\t\t\t\t\t\t<\/div>\n\t\t\t\t\t\t\t\t\t<\/div>\n\t\t\t<\/div>\n\t\t\t\t\t<\/div>\n\t\t\t\t\t\t<\/div>\n\t\t\t\t<\/div>\n\t\t\t\t\t<\/div>\n\t\t<\/div>\n\t\t\t\t<div class=\"elementor-column elementor-col-50 elementor-top-column elementor-element elementor-element-d0964e5\" data-id=\"d0964e5\" data-element_type=\"column\" data-e-type=\"column\">\n\t\t\t<div class=\"elementor-widget-wrap elementor-element-populated\">\n\t\t\t\t\t\t<div class=\"elementor-element elementor-element-c79ae33 elementor-widget elementor-widget-testimonial\" data-id=\"c79ae33\" data-element_type=\"widget\" data-e-type=\"widget\" data-widget_type=\"testimonial.default\">\n\t\t\t\t<div class=\"elementor-widget-container\">\n\t\t\t\t\t\t\t<div class=\"elementor-testimonial-wrapper\">\n\t\t\t\t\t\t\t<div class=\"elementor-testimonial-content\">Great food and great service, always smiling faces and people who like to spread positivity.\n<\/div>\n\t\t\t\n\t\t\t\t\t\t<div class=\"elementor-testimonial-meta elementor-has-image elementor-testimonial-image-position-aside\">\n\t\t\t\t<div class=\"elementor-testimonial-meta-inner\">\n\t\t\t\t\t\t\t\t\t\t\t<div class=\"elementor-testimonial-image\">\n\t\t\t\t\t\t\t<img decoding=\"async\" width=\"200\" height=\"200\" src=\"https:\/\/adaptivocibus.hr\/wp-content\/uploads\/2021\/05\/customer-1.jpg\" class=\"attachment-full size-full wp-image-82\" alt=\"\" srcset=\"https:\/\/adaptivocibus.hr\/wp-content\/uploads\/2021\/05\/customer-1.jpg 200w, https:\/\/adaptivocibus.hr\/wp-content\/uploads\/2021\/05\/customer-1-150x150.jpg 150w, https:\/\/adaptivocibus.hr\/wp-content\/uploads\/2021\/05\/customer-1-100x100.jpg 100w\" sizes=\"(max-width: 200px) 100vw, 200px\" \/>\t\t\t\t\t\t<\/div>\n\t\t\t\t\t\n\t\t\t\t\t\t\t\t\t\t<div class=\"elementor-testimonial-details\">\n\t\t\t\t\t\t\t\t\t\t\t\t\t\t<div class=\"elementor-testimonial-name\">Hrvoje Jurkovi\u0107<\/div>\n\t\t\t\t\t\t\t\t\t\t\t\t\t\t\t\t\t\t\t<\/div>\n\t\t\t\t\t\t\t\t\t<\/div>\n\t\t\t<\/div>\n\t\t\t\t\t<\/div>\n\t\t\t\t\t\t<\/div>\n\t\t\t\t<\/div>\n\t\t\t\t<div class=\"elementor-element elementor-element-4f0c78b elementor-widget elementor-widget-testimonial\" data-id=\"4f0c78b\" data-element_type=\"widget\" data-e-type=\"widget\" data-widget_type=\"testimonial.default\">\n\t\t\t\t<div class=\"elementor-widget-container\">\n\t\t\t\t\t\t\t<div class=\"elementor-testimonial-wrapper\">\n\t\t\t\t\t\t\t<div class=\"elementor-testimonial-content\">I rarely give reviews, but the guys from Adaptiv are the good spirit of Zagreb and really provide top-notch catering service.\n<\/div>\n\t\t\t\n\t\t\t\t\t\t<div class=\"elementor-testimonial-meta elementor-has-image elementor-testimonial-image-position-aside\">\n\t\t\t\t<div class=\"elementor-testimonial-meta-inner\">\n\t\t\t\t\t\t\t\t\t\t\t<div class=\"elementor-testimonial-image\">\n\t\t\t\t\t\t\t<img loading=\"lazy\" decoding=\"async\" width=\"200\" height=\"200\" src=\"https:\/\/adaptivocibus.hr\/wp-content\/uploads\/2021\/05\/customer-img1.jpg\" class=\"attachment-full size-full wp-image-85\" alt=\"\" srcset=\"https:\/\/adaptivocibus.hr\/wp-content\/uploads\/2021\/05\/customer-img1.jpg 200w, https:\/\/adaptivocibus.hr\/wp-content\/uploads\/2021\/05\/customer-img1-150x150.jpg 150w, https:\/\/adaptivocibus.hr\/wp-content\/uploads\/2021\/05\/customer-img1-100x100.jpg 100w\" sizes=\"(max-width: 200px) 100vw, 200px\" \/>\t\t\t\t\t\t<\/div>\n\t\t\t\t\t\n\t\t\t\t\t\t\t\t\t\t<div class=\"elementor-testimonial-details\">\n\t\t\t\t\t\t\t\t\t\t\t\t\t\t<div class=\"elementor-testimonial-name\">Kristina Foster<\/div>\n\t\t\t\t\t\t\t\t\t\t\t\t\t\t\t\t\t\t\t<\/div>\n\t\t\t\t\t\t\t\t\t<\/div>\n\t\t\t<\/div>\n\t\t\t\t\t<\/div>\n\t\t\t\t\t\t<\/div>\n\t\t\t\t<\/div>\n\t\t\t\t\t<\/div>\n\t\t<\/div>\n\t\t\t\t\t<\/div>\n\t\t<\/section>\n\t\t\t\t<\/div>","protected":false},"excerpt":{"rendered":"<p>DWich Hrana, ma koliko jednostavna bila mora biti gastronomski do\u017eivljaj. Stoga takav treba biti i svaki sendvi\u010d. Bilo da se radi o na\u0161oj kreaciji ili poznatom, omiljenom klasiku. DWich je pop Up restoran Po \u010demu je poseban? Mi njegujemo kult sendvi\u010da. \u0160to zna\u010di da zapravo pripremamo street style food na novoj razini, i to onoj [&hellip;]<\/p>\n","protected":false},"author":1,"featured_media":2182,"parent":0,"menu_order":0,"comment_status":"closed","ping_status":"closed","template":"","meta":{"site-sidebar-layout":"no-sidebar","site-content-layout":"page-builder","ast-site-content-layout":"default","site-content-style":"default","site-sidebar-style":"default","ast-global-header-display":"","ast-banner-title-visibility":"","ast-main-header-display":"","ast-hfb-above-header-display":"","ast-hfb-below-header-display":"","ast-hfb-mobile-header-display":"","site-post-title":"disabled","ast-breadcrumbs-content":"","ast-featured-img":"disabled","footer-sml-layout":"","ast-disable-related-posts":"","theme-transparent-header-meta":"enabled","adv-header-id-meta":"","stick-header-meta":"default","header-above-stick-meta":"","header-main-stick-meta":"","header-below-stick-meta":"","astra-migrate-meta-layouts":"default","ast-page-background-enabled":"default","ast-page-background-meta":{"desktop":{"background-color":"","background-image":"","background-repeat":"repeat","background-position":"center center","background-size":"auto","background-attachment":"scroll","background-type":"","background-media":"","overlay-type":"","overlay-color":"","overlay-opacity":"","overlay-gradient":""},"tablet":{"background-color":"","background-image":"","background-repeat":"repeat","background-position":"center center","background-size":"auto","background-attachment":"scroll","background-type":"","background-media":"","overlay-type":"","overlay-color":"","overlay-opacity":"","overlay-gradient":""},"mobile":{"background-color":"","background-image":"","background-repeat":"repeat","background-position":"center center","background-size":"auto","background-attachment":"scroll","background-type":"","background-media":"","overlay-type":"","overlay-color":"","overlay-opacity":"","overlay-gradient":""}},"ast-content-background-meta":{"desktop":{"background-color":"var(--ast-global-color-5)","background-image":"","background-repeat":"repeat","background-position":"center center","background-size":"auto","background-attachment":"scroll","background-type":"","background-media":"","overlay-type":"","overlay-color":"","overlay-opacity":"","overlay-gradient":""},"tablet":{"background-color":"var(--ast-global-color-5)","background-image":"","background-repeat":"repeat","background-position":"center center","background-size":"auto","background-attachment":"scroll","background-type":"","background-media":"","overlay-type":"","overlay-color":"","overlay-opacity":"","overlay-gradient":""},"mobile":{"background-color":"var(--ast-global-color-5)","background-image":"","background-repeat":"repeat","background-position":"center center","background-size":"auto","background-attachment":"scroll","background-type":"","background-media":"","overlay-type":"","overlay-color":"","overlay-opacity":"","overlay-gradient":""}},"footnotes":""},"class_list":["post-2005","page","type-page","status-publish","has-post-thumbnail","hentry"],"yoast_head":"<!-- This site is optimized with the Yoast SEO plugin v27.1.1 - https:\/\/yoast.com\/product\/yoast-seo-wordpress\/ -->\n<title>DWich -<\/title>\n<meta name=\"description\" content=\"Upoznajte na\u0161 brend - D&#039;Wich! Sendvi\u010de s potpisom i du\u0161om, kreirane s puno ljubavi, ma\u0161te i entuzijazma kako bi pru\u017eili top gastro u\u017eitak.\" \/>\n<meta name=\"robots\" content=\"index, follow, max-snippet:-1, max-image-preview:large, max-video-preview:-1\" \/>\n<link rel=\"canonical\" href=\"https:\/\/adaptivocibus.hr\/en\/dwich\/\" \/>\n<meta property=\"og:locale\" content=\"en_GB\" \/>\n<meta property=\"og:type\" content=\"article\" \/>\n<meta property=\"og:title\" content=\"DWich -\" \/>\n<meta property=\"og:description\" content=\"Upoznajte na\u0161 brend - D&#039;Wich! Sendvi\u010de s potpisom i du\u0161om, kreirane s puno ljubavi, ma\u0161te i entuzijazma kako bi pru\u017eili top gastro u\u017eitak.\" \/>\n<meta property=\"og:url\" content=\"https:\/\/adaptivocibus.hr\/en\/dwich\/\" \/>\n<meta property=\"article:publisher\" content=\"https:\/\/www.facebook.com\/adaptivocibus\/\" \/>\n<meta property=\"article:modified_time\" content=\"2025-06-25T10:05:22+00:00\" \/>\n<meta property=\"og:image\" content=\"https:\/\/adaptivocibus.hr\/wp-content\/uploads\/2023\/01\/pexels-rachel-claire-5864588.jpg\" \/>\n\t<meta property=\"og:image:width\" content=\"1280\" \/>\n\t<meta property=\"og:image:height\" content=\"688\" \/>\n\t<meta property=\"og:image:type\" content=\"image\/jpeg\" \/>\n<meta name=\"twitter:card\" content=\"summary_large_image\" \/>\n<meta name=\"twitter:label1\" content=\"Estimated reading time\" \/>\n\t<meta name=\"twitter:data1\" content=\"2 minutes\" \/>\n<script type=\"application\/ld+json\" class=\"yoast-schema-graph\">{\"@context\":\"https:\/\/schema.org\",\"@graph\":[{\"@type\":\"WebPage\",\"@id\":\"https:\/\/adaptivocibus.hr\/dwich\/\",\"url\":\"https:\/\/adaptivocibus.hr\/dwich\/\",\"name\":\"DWich -\",\"isPartOf\":{\"@id\":\"https:\/\/adaptivocibus.hr\/#website\"},\"primaryImageOfPage\":{\"@id\":\"https:\/\/adaptivocibus.hr\/dwich\/#primaryimage\"},\"image\":{\"@id\":\"https:\/\/adaptivocibus.hr\/dwich\/#primaryimage\"},\"thumbnailUrl\":\"https:\/\/adaptivocibus.hr\/wp-content\/uploads\/2023\/01\/pexels-rachel-claire-5864588.jpg\",\"datePublished\":\"2023-01-18T11:05:12+00:00\",\"dateModified\":\"2025-06-25T10:05:22+00:00\",\"description\":\"Upoznajte na\u0161 brend - D'Wich! Sendvi\u010de s potpisom i du\u0161om, kreirane s puno ljubavi, ma\u0161te i entuzijazma kako bi pru\u017eili top gastro u\u017eitak.\",\"breadcrumb\":{\"@id\":\"https:\/\/adaptivocibus.hr\/dwich\/#breadcrumb\"},\"inLanguage\":\"en-GB\",\"potentialAction\":[{\"@type\":\"ReadAction\",\"target\":[\"https:\/\/adaptivocibus.hr\/dwich\/\"]}]},{\"@type\":\"ImageObject\",\"inLanguage\":\"en-GB\",\"@id\":\"https:\/\/adaptivocibus.hr\/dwich\/#primaryimage\",\"url\":\"https:\/\/adaptivocibus.hr\/wp-content\/uploads\/2023\/01\/pexels-rachel-claire-5864588.jpg\",\"contentUrl\":\"https:\/\/adaptivocibus.hr\/wp-content\/uploads\/2023\/01\/pexels-rachel-claire-5864588.jpg\",\"width\":1280,\"height\":688,\"caption\":\"D'Wich\"},{\"@type\":\"BreadcrumbList\",\"@id\":\"https:\/\/adaptivocibus.hr\/dwich\/#breadcrumb\",\"itemListElement\":[{\"@type\":\"ListItem\",\"position\":1,\"name\":\"Po\u010detna stranica\",\"item\":\"https:\/\/adaptivocibus.hr\/en\/\"},{\"@type\":\"ListItem\",\"position\":2,\"name\":\"DWich\"}]},{\"@type\":\"WebSite\",\"@id\":\"https:\/\/adaptivocibus.hr\/#website\",\"url\":\"https:\/\/adaptivocibus.hr\/\",\"name\":\"Adaptivo Cibus d.o.o.\",\"description\":\"\",\"publisher\":{\"@id\":\"https:\/\/adaptivocibus.hr\/#organization\"},\"potentialAction\":[{\"@type\":\"SearchAction\",\"target\":{\"@type\":\"EntryPoint\",\"urlTemplate\":\"https:\/\/adaptivocibus.hr\/?s={search_term_string}\"},\"query-input\":{\"@type\":\"PropertyValueSpecification\",\"valueRequired\":true,\"valueName\":\"search_term_string\"}}],\"inLanguage\":\"en-GB\"},{\"@type\":\"Organization\",\"@id\":\"https:\/\/adaptivocibus.hr\/#organization\",\"name\":\"Adaptivo Cibus d.o.o.\",\"url\":\"https:\/\/adaptivocibus.hr\/\",\"logo\":{\"@type\":\"ImageObject\",\"inLanguage\":\"en-GB\",\"@id\":\"https:\/\/adaptivocibus.hr\/#\/schema\/logo\/image\/\",\"url\":\"https:\/\/adaptivocibus.hr\/wp-content\/uploads\/2023\/01\/aDAPTIVO.png\",\"contentUrl\":\"https:\/\/adaptivocibus.hr\/wp-content\/uploads\/2023\/01\/aDAPTIVO.png\",\"width\":1339,\"height\":635,\"caption\":\"Adaptivo Cibus d.o.o.\"},\"image\":{\"@id\":\"https:\/\/adaptivocibus.hr\/#\/schema\/logo\/image\/\"},\"sameAs\":[\"https:\/\/www.facebook.com\/adaptivocibus\/\",\"https:\/\/www.instagram.com\/adaptivocibus.hr\/\"]}]}<\/script>\n<!-- \/ Yoast SEO plugin. -->","yoast_head_json":{"title":"DWich -","description":"Upoznajte na\u0161 brend - D'Wich! Sendvi\u010de s potpisom i du\u0161om, kreirane s puno ljubavi, ma\u0161te i entuzijazma kako bi pru\u017eili top gastro u\u017eitak.","robots":{"index":"index","follow":"follow","max-snippet":"max-snippet:-1","max-image-preview":"max-image-preview:large","max-video-preview":"max-video-preview:-1"},"canonical":"https:\/\/adaptivocibus.hr\/en\/dwich\/","og_locale":"en_GB","og_type":"article","og_title":"DWich -","og_description":"Upoznajte na\u0161 brend - D'Wich! Sendvi\u010de s potpisom i du\u0161om, kreirane s puno ljubavi, ma\u0161te i entuzijazma kako bi pru\u017eili top gastro u\u017eitak.","og_url":"https:\/\/adaptivocibus.hr\/en\/dwich\/","article_publisher":"https:\/\/www.facebook.com\/adaptivocibus\/","article_modified_time":"2025-06-25T10:05:22+00:00","og_image":[{"width":1280,"height":688,"url":"https:\/\/adaptivocibus.hr\/wp-content\/uploads\/2023\/01\/pexels-rachel-claire-5864588.jpg","type":"image\/jpeg"}],"twitter_card":"summary_large_image","twitter_misc":{"Estimated reading time":"2 minutes"},"schema":{"@context":"https:\/\/schema.org","@graph":[{"@type":"WebPage","@id":"https:\/\/adaptivocibus.hr\/dwich\/","url":"https:\/\/adaptivocibus.hr\/dwich\/","name":"DWich -","isPartOf":{"@id":"https:\/\/adaptivocibus.hr\/#website"},"primaryImageOfPage":{"@id":"https:\/\/adaptivocibus.hr\/dwich\/#primaryimage"},"image":{"@id":"https:\/\/adaptivocibus.hr\/dwich\/#primaryimage"},"thumbnailUrl":"https:\/\/adaptivocibus.hr\/wp-content\/uploads\/2023\/01\/pexels-rachel-claire-5864588.jpg","datePublished":"2023-01-18T11:05:12+00:00","dateModified":"2025-06-25T10:05:22+00:00","description":"Upoznajte na\u0161 brend - D'Wich! Sendvi\u010de s potpisom i du\u0161om, kreirane s puno ljubavi, ma\u0161te i entuzijazma kako bi pru\u017eili top gastro u\u017eitak.","breadcrumb":{"@id":"https:\/\/adaptivocibus.hr\/dwich\/#breadcrumb"},"inLanguage":"en-GB","potentialAction":[{"@type":"ReadAction","target":["https:\/\/adaptivocibus.hr\/dwich\/"]}]},{"@type":"ImageObject","inLanguage":"en-GB","@id":"https:\/\/adaptivocibus.hr\/dwich\/#primaryimage","url":"https:\/\/adaptivocibus.hr\/wp-content\/uploads\/2023\/01\/pexels-rachel-claire-5864588.jpg","contentUrl":"https:\/\/adaptivocibus.hr\/wp-content\/uploads\/2023\/01\/pexels-rachel-claire-5864588.jpg","width":1280,"height":688,"caption":"D'Wich"},{"@type":"BreadcrumbList","@id":"https:\/\/adaptivocibus.hr\/dwich\/#breadcrumb","itemListElement":[{"@type":"ListItem","position":1,"name":"Po\u010detna stranica","item":"https:\/\/adaptivocibus.hr\/en\/"},{"@type":"ListItem","position":2,"name":"DWich"}]},{"@type":"WebSite","@id":"https:\/\/adaptivocibus.hr\/#website","url":"https:\/\/adaptivocibus.hr\/","name":"Adaptivo Cibus d.o.o.","description":"","publisher":{"@id":"https:\/\/adaptivocibus.hr\/#organization"},"potentialAction":[{"@type":"SearchAction","target":{"@type":"EntryPoint","urlTemplate":"https:\/\/adaptivocibus.hr\/?s={search_term_string}"},"query-input":{"@type":"PropertyValueSpecification","valueRequired":true,"valueName":"search_term_string"}}],"inLanguage":"en-GB"},{"@type":"Organization","@id":"https:\/\/adaptivocibus.hr\/#organization","name":"Adaptivo Cibus d.o.o.","url":"https:\/\/adaptivocibus.hr\/","logo":{"@type":"ImageObject","inLanguage":"en-GB","@id":"https:\/\/adaptivocibus.hr\/#\/schema\/logo\/image\/","url":"https:\/\/adaptivocibus.hr\/wp-content\/uploads\/2023\/01\/aDAPTIVO.png","contentUrl":"https:\/\/adaptivocibus.hr\/wp-content\/uploads\/2023\/01\/aDAPTIVO.png","width":1339,"height":635,"caption":"Adaptivo Cibus d.o.o."},"image":{"@id":"https:\/\/adaptivocibus.hr\/#\/schema\/logo\/image\/"},"sameAs":["https:\/\/www.facebook.com\/adaptivocibus\/","https:\/\/www.instagram.com\/adaptivocibus.hr\/"]}]}},"_links":{"self":[{"href":"https:\/\/adaptivocibus.hr\/en\/wp-json\/wp\/v2\/pages\/2005","targetHints":{"allow":["GET"]}}],"collection":[{"href":"https:\/\/adaptivocibus.hr\/en\/wp-json\/wp\/v2\/pages"}],"about":[{"href":"https:\/\/adaptivocibus.hr\/en\/wp-json\/wp\/v2\/types\/page"}],"author":[{"embeddable":true,"href":"https:\/\/adaptivocibus.hr\/en\/wp-json\/wp\/v2\/users\/1"}],"replies":[{"embeddable":true,"href":"https:\/\/adaptivocibus.hr\/en\/wp-json\/wp\/v2\/comments?post=2005"}],"version-history":[{"count":36,"href":"https:\/\/adaptivocibus.hr\/en\/wp-json\/wp\/v2\/pages\/2005\/revisions"}],"predecessor-version":[{"id":2448,"href":"https:\/\/adaptivocibus.hr\/en\/wp-json\/wp\/v2\/pages\/2005\/revisions\/2448"}],"wp:featuredmedia":[{"embeddable":true,"href":"https:\/\/adaptivocibus.hr\/en\/wp-json\/wp\/v2\/media\/2182"}],"wp:attachment":[{"href":"https:\/\/adaptivocibus.hr\/en\/wp-json\/wp\/v2\/media?parent=2005"}],"curies":[{"name":"wp","href":"https:\/\/api.w.org\/{rel}","templated":true}]}}