{"id":2003,"date":"2023-01-18T11:04:33","date_gmt":"2023-01-18T11:04:33","guid":{"rendered":"https:\/\/adaptivocibus.hr\/?page_id=2003"},"modified":"2023-03-10T17:15:51","modified_gmt":"2023-03-10T17:15:51","slug":"sosek4u","status":"publish","type":"page","link":"https:\/\/adaptivocibus.hr\/en\/sosek4u\/","title":{"rendered":"Sosek4U"},"content":{"rendered":"<div data-elementor-type=\"wp-page\" data-elementor-id=\"2003\" class=\"elementor elementor-2003\">\n\t\t\t\t\t\t<section class=\"elementor-section elementor-top-section elementor-element elementor-element-954acb8 elementor-section-boxed elementor-section-height-default elementor-section-height-default\" data-id=\"954acb8\" data-element_type=\"section\" data-e-type=\"section\" data-settings=\"{&quot;background_background&quot;:&quot;classic&quot;}\">\n\t\t\t\t\t\t\t<div class=\"elementor-background-overlay\"><\/div>\n\t\t\t\t\t\t\t<div class=\"elementor-container elementor-column-gap-no\">\n\t\t\t\t\t<div class=\"elementor-column elementor-col-100 elementor-top-column elementor-element elementor-element-77d49fb\" data-id=\"77d49fb\" data-element_type=\"column\" data-e-type=\"column\">\n\t\t\t<div class=\"elementor-widget-wrap elementor-element-populated\">\n\t\t\t\t\t\t<div class=\"elementor-element elementor-element-4164874 elementor-widget elementor-widget-heading\" data-id=\"4164874\" data-element_type=\"widget\" data-e-type=\"widget\" data-widget_type=\"heading.default\">\n\t\t\t\t<div class=\"elementor-widget-container\">\n\t\t\t\t\t<h1 class=\"elementor-heading-title elementor-size-default\">Sosek4U<\/h1>\t\t\t\t<\/div>\n\t\t\t\t<\/div>\n\t\t\t\t\t<\/div>\n\t\t<\/div>\n\t\t\t\t\t<\/div>\n\t\t<\/section>\n\t\t\t\t<section class=\"elementor-section elementor-top-section elementor-element elementor-element-c3c7397 elementor-section-boxed elementor-section-height-default elementor-section-height-default\" data-id=\"c3c7397\" data-element_type=\"section\" data-e-type=\"section\">\n\t\t\t\t\t\t<div class=\"elementor-container elementor-column-gap-no\">\n\t\t\t\t\t<div class=\"elementor-column elementor-col-100 elementor-top-column elementor-element elementor-element-706dbbf\" data-id=\"706dbbf\" data-element_type=\"column\" data-e-type=\"column\">\n\t\t\t<div class=\"elementor-widget-wrap elementor-element-populated\">\n\t\t\t\t\t\t<div class=\"elementor-element elementor-element-8fc1c07 elementor-widget elementor-widget-heading\" data-id=\"8fc1c07\" data-element_type=\"widget\" data-e-type=\"widget\" data-widget_type=\"heading.default\">\n\t\t\t\t<div class=\"elementor-widget-container\">\n\t\t\t\t\t<h4 class=\"elementor-heading-title elementor-size-default\">When we think about sauces and dips, we imagine delicious, rich flavors, but we don't want preservatives, sugars and hidden additives, we want a home-made taste! We create just such flavors in our kitchen and enrich our sandwiches with them.<\/h4>\t\t\t\t<\/div>\n\t\t\t\t<\/div>\n\t\t\t\t<div class=\"elementor-element elementor-element-b99c008 elementor-widget elementor-widget-image\" data-id=\"b99c008\" data-element_type=\"widget\" data-e-type=\"widget\" data-widget_type=\"image.default\">\n\t\t\t\t<div class=\"elementor-widget-container\">\n\t\t\t\t\t\t\t\t\t\t\t\t\t\t\t<img fetchpriority=\"high\" decoding=\"async\" width=\"1278\" height=\"684\" src=\"https:\/\/adaptivocibus.hr\/wp-content\/uploads\/2023\/01\/pexels-jonathan-borba-3622479.jpg\" class=\"attachment-full size-full wp-image-2187\" alt=\"Sosek4U\" srcset=\"https:\/\/adaptivocibus.hr\/wp-content\/uploads\/2023\/01\/pexels-jonathan-borba-3622479.jpg 1278w, https:\/\/adaptivocibus.hr\/wp-content\/uploads\/2023\/01\/pexels-jonathan-borba-3622479-300x161.jpg 300w, https:\/\/adaptivocibus.hr\/wp-content\/uploads\/2023\/01\/pexels-jonathan-borba-3622479-1024x548.jpg 1024w, https:\/\/adaptivocibus.hr\/wp-content\/uploads\/2023\/01\/pexels-jonathan-borba-3622479-768x411.jpg 768w\" sizes=\"(max-width: 1278px) 100vw, 1278px\" \/>\t\t\t\t\t\t\t\t\t\t\t\t\t\t\t<\/div>\n\t\t\t\t<\/div>\n\t\t\t\t\t<\/div>\n\t\t<\/div>\n\t\t\t\t\t<\/div>\n\t\t<\/section>\n\t\t\t\t<section class=\"elementor-section elementor-top-section elementor-element elementor-element-23dc75b elementor-section-boxed elementor-section-height-default elementor-section-height-default\" data-id=\"23dc75b\" data-element_type=\"section\" data-e-type=\"section\">\n\t\t\t\t\t\t<div class=\"elementor-container elementor-column-gap-no\">\n\t\t\t\t\t<div class=\"elementor-column elementor-col-100 elementor-top-column elementor-element elementor-element-abe5108\" data-id=\"abe5108\" data-element_type=\"column\" data-e-type=\"column\">\n\t\t\t<div class=\"elementor-widget-wrap elementor-element-populated\">\n\t\t\t\t\t\t<div class=\"elementor-element elementor-element-6a4afa1 elementor-widget__width-auto elementor-widget-mobile__width-inherit elementor-widget elementor-widget-heading\" data-id=\"6a4afa1\" data-element_type=\"widget\" data-e-type=\"widget\" data-widget_type=\"heading.default\">\n\t\t\t\t<div class=\"elementor-widget-container\">\n\t\t\t\t\t<h2 class=\"elementor-heading-title elementor-size-default\">Sosek with signature<\/h2>\t\t\t\t<\/div>\n\t\t\t\t<\/div>\n\t\t\t\t<div class=\"elementor-element elementor-element-a72b8b2 elementor-vertical-align-top elementor-widget elementor-widget-image-box\" data-id=\"a72b8b2\" data-element_type=\"widget\" data-e-type=\"widget\" data-widget_type=\"image-box.default\">\n\t\t\t\t<div class=\"elementor-widget-container\">\n\t\t\t\t\t<div class=\"elementor-image-box-wrapper\"><div class=\"elementor-image-box-content\"><h4 class=\"elementor-image-box-title\">Sosek is an ideal dressing<\/h4><p class=\"elementor-image-box-description\">It is prepared from scratch in our kitchen as a perfect addition to your get-togethers.<br><br>\nFor various tortillas, chips, with fries or as an addition to dishes.\n<br><br>\nOr simply the ideal sauce for your favorite pasta, on those evenings when you don't feel like cooking. Simple - Sosek4U!<\/p><\/div><\/div>\t\t\t\t<\/div>\n\t\t\t\t<\/div>\n\t\t\t\t\t<\/div>\n\t\t<\/div>\n\t\t\t\t\t<\/div>\n\t\t<\/section>\n\t\t\t\t<section class=\"elementor-section elementor-top-section elementor-element elementor-element-907abb9 elementor-section-boxed elementor-section-height-default elementor-section-height-default\" data-id=\"907abb9\" data-element_type=\"section\" data-e-type=\"section\" data-settings=\"{&quot;background_background&quot;:&quot;classic&quot;}\">\n\t\t\t\t\t\t\t<div class=\"elementor-background-overlay\"><\/div>\n\t\t\t\t\t\t\t<div class=\"elementor-container elementor-column-gap-default\">\n\t\t\t\t\t<div class=\"elementor-column elementor-col-100 elementor-top-column elementor-element elementor-element-898eeff\" data-id=\"898eeff\" data-element_type=\"column\" data-e-type=\"column\">\n\t\t\t<div class=\"elementor-widget-wrap\">\n\t\t\t\t\t\t\t<\/div>\n\t\t<\/div>\n\t\t\t\t\t<\/div>\n\t\t<\/section>\n\t\t\t\t<section class=\"elementor-section elementor-top-section elementor-element elementor-element-a4f8e85 elementor-section-boxed elementor-section-height-default elementor-section-height-default\" data-id=\"a4f8e85\" data-element_type=\"section\" data-e-type=\"section\">\n\t\t\t\t\t\t<div class=\"elementor-container elementor-column-gap-no\">\n\t\t\t\t\t<div class=\"elementor-column elementor-col-50 elementor-top-column elementor-element elementor-element-71ea97b\" data-id=\"71ea97b\" data-element_type=\"column\" data-e-type=\"column\">\n\t\t\t<div class=\"elementor-widget-wrap elementor-element-populated\">\n\t\t\t\t\t\t<div class=\"elementor-element elementor-element-72b7474 elementor-widget elementor-widget-heading\" data-id=\"72b7474\" data-element_type=\"widget\" data-e-type=\"widget\" data-widget_type=\"heading.default\">\n\t\t\t\t<div class=\"elementor-widget-container\">\n\t\t\t\t\t<h2 class=\"elementor-heading-title elementor-size-default\">We are loved by many!\n<\/h2>\t\t\t\t<\/div>\n\t\t\t\t<\/div>\n\t\t\t\t<div class=\"elementor-element elementor-element-8b3cc51 elementor-widget elementor-widget-testimonial\" data-id=\"8b3cc51\" data-element_type=\"widget\" data-e-type=\"widget\" data-widget_type=\"testimonial.default\">\n\t\t\t\t<div class=\"elementor-widget-container\">\n\t\t\t\t\t\t\t<div class=\"elementor-testimonial-wrapper\">\n\t\t\t\t\t\t\t<div class=\"elementor-testimonial-content\">Honest recommendations to everyone who is looking for partners for the education of their team. Expertise, support and good energy are what delighted us.\n<\/div>\n\t\t\t\n\t\t\t\t\t\t<div class=\"elementor-testimonial-meta elementor-has-image elementor-testimonial-image-position-aside\">\n\t\t\t\t<div class=\"elementor-testimonial-meta-inner\">\n\t\t\t\t\t\t\t\t\t\t\t<div class=\"elementor-testimonial-image\">\n\t\t\t\t\t\t\t<img decoding=\"async\" width=\"200\" height=\"200\" src=\"https:\/\/adaptivocibus.hr\/wp-content\/uploads\/2021\/05\/customer-img.jpg\" class=\"attachment-full size-full wp-image-84\" alt=\"\" srcset=\"https:\/\/adaptivocibus.hr\/wp-content\/uploads\/2021\/05\/customer-img.jpg 200w, https:\/\/adaptivocibus.hr\/wp-content\/uploads\/2021\/05\/customer-img-150x150.jpg 150w, https:\/\/adaptivocibus.hr\/wp-content\/uploads\/2021\/05\/customer-img-100x100.jpg 100w\" sizes=\"(max-width: 200px) 100vw, 200px\" \/>\t\t\t\t\t\t<\/div>\n\t\t\t\t\t\n\t\t\t\t\t\t\t\t\t\t<div class=\"elementor-testimonial-details\">\n\t\t\t\t\t\t\t\t\t\t\t\t\t\t<div class=\"elementor-testimonial-name\">\t Ana Marija Koren<\/div>\n\t\t\t\t\t\t\t\t\t\t\t\t\t\t\t\t\t\t\t<\/div>\n\t\t\t\t\t\t\t\t\t<\/div>\n\t\t\t<\/div>\n\t\t\t\t\t<\/div>\n\t\t\t\t\t\t<\/div>\n\t\t\t\t<\/div>\n\t\t\t\t\t<\/div>\n\t\t<\/div>\n\t\t\t\t<div class=\"elementor-column elementor-col-50 elementor-top-column elementor-element elementor-element-d0964e5\" data-id=\"d0964e5\" data-element_type=\"column\" data-e-type=\"column\">\n\t\t\t<div class=\"elementor-widget-wrap elementor-element-populated\">\n\t\t\t\t\t\t<div class=\"elementor-element elementor-element-c79ae33 elementor-widget elementor-widget-testimonial\" data-id=\"c79ae33\" data-element_type=\"widget\" data-e-type=\"widget\" data-widget_type=\"testimonial.default\">\n\t\t\t\t<div class=\"elementor-widget-container\">\n\t\t\t\t\t\t\t<div class=\"elementor-testimonial-wrapper\">\n\t\t\t\t\t\t\t<div class=\"elementor-testimonial-content\">Great food and great service, always smiling faces and people who like to spread positivity.\n<\/div>\n\t\t\t\n\t\t\t\t\t\t<div class=\"elementor-testimonial-meta elementor-has-image elementor-testimonial-image-position-aside\">\n\t\t\t\t<div class=\"elementor-testimonial-meta-inner\">\n\t\t\t\t\t\t\t\t\t\t\t<div class=\"elementor-testimonial-image\">\n\t\t\t\t\t\t\t<img decoding=\"async\" width=\"200\" height=\"200\" src=\"https:\/\/adaptivocibus.hr\/wp-content\/uploads\/2021\/05\/customer-1.jpg\" class=\"attachment-full size-full wp-image-82\" alt=\"\" srcset=\"https:\/\/adaptivocibus.hr\/wp-content\/uploads\/2021\/05\/customer-1.jpg 200w, https:\/\/adaptivocibus.hr\/wp-content\/uploads\/2021\/05\/customer-1-150x150.jpg 150w, https:\/\/adaptivocibus.hr\/wp-content\/uploads\/2021\/05\/customer-1-100x100.jpg 100w\" sizes=\"(max-width: 200px) 100vw, 200px\" \/>\t\t\t\t\t\t<\/div>\n\t\t\t\t\t\n\t\t\t\t\t\t\t\t\t\t<div class=\"elementor-testimonial-details\">\n\t\t\t\t\t\t\t\t\t\t\t\t\t\t<div class=\"elementor-testimonial-name\">Hrvoje Jurkovi\u0107<\/div>\n\t\t\t\t\t\t\t\t\t\t\t\t\t\t\t\t\t\t\t<\/div>\n\t\t\t\t\t\t\t\t\t<\/div>\n\t\t\t<\/div>\n\t\t\t\t\t<\/div>\n\t\t\t\t\t\t<\/div>\n\t\t\t\t<\/div>\n\t\t\t\t<div class=\"elementor-element elementor-element-4f0c78b elementor-widget elementor-widget-testimonial\" data-id=\"4f0c78b\" data-element_type=\"widget\" data-e-type=\"widget\" data-widget_type=\"testimonial.default\">\n\t\t\t\t<div class=\"elementor-widget-container\">\n\t\t\t\t\t\t\t<div class=\"elementor-testimonial-wrapper\">\n\t\t\t\t\t\t\t<div class=\"elementor-testimonial-content\">I rarely give reviews, but the guys from Adaptiv are the good spirit of Zagreb and really provide top-notch catering service.\n<\/div>\n\t\t\t\n\t\t\t\t\t\t<div class=\"elementor-testimonial-meta elementor-has-image elementor-testimonial-image-position-aside\">\n\t\t\t\t<div class=\"elementor-testimonial-meta-inner\">\n\t\t\t\t\t\t\t\t\t\t\t<div class=\"elementor-testimonial-image\">\n\t\t\t\t\t\t\t<img loading=\"lazy\" decoding=\"async\" width=\"200\" height=\"200\" src=\"https:\/\/adaptivocibus.hr\/wp-content\/uploads\/2021\/05\/customer-img1.jpg\" class=\"attachment-full size-full wp-image-85\" alt=\"\" srcset=\"https:\/\/adaptivocibus.hr\/wp-content\/uploads\/2021\/05\/customer-img1.jpg 200w, https:\/\/adaptivocibus.hr\/wp-content\/uploads\/2021\/05\/customer-img1-150x150.jpg 150w, https:\/\/adaptivocibus.hr\/wp-content\/uploads\/2021\/05\/customer-img1-100x100.jpg 100w\" sizes=\"(max-width: 200px) 100vw, 200px\" \/>\t\t\t\t\t\t<\/div>\n\t\t\t\t\t\n\t\t\t\t\t\t\t\t\t\t<div class=\"elementor-testimonial-details\">\n\t\t\t\t\t\t\t\t\t\t\t\t\t\t<div class=\"elementor-testimonial-name\">Kristina Foster<\/div>\n\t\t\t\t\t\t\t\t\t\t\t\t\t\t\t\t\t\t\t<\/div>\n\t\t\t\t\t\t\t\t\t<\/div>\n\t\t\t<\/div>\n\t\t\t\t\t<\/div>\n\t\t\t\t\t\t<\/div>\n\t\t\t\t<\/div>\n\t\t\t\t\t<\/div>\n\t\t<\/div>\n\t\t\t\t\t<\/div>\n\t\t<\/section>\n\t\t\t\t<\/div>","protected":false},"excerpt":{"rendered":"<p>Sosek4U Kad razmi\u0161ljamo o umacima i dippovima, zami\u0161ljamo slasne, bogate okuse, ali pri tom ne \u017eelimo konzervanse, \u0161e\u0107ere i prikrivene aditive, \u017eelimo home made okus! Ba\u0161 takve okuse stvaramo u na\u0161oj kuhinji i njima oboga\u0107ujemo na\u0161e sendvi\u010de. Sosek s potpisom Sosek je idealni dressing Pripremljen od nule u na\u0161oj kuhinji kao savr\u0161eni dodatak va\u0161im dru\u017eenjima. [&hellip;]<\/p>\n","protected":false},"author":1,"featured_media":2187,"parent":0,"menu_order":0,"comment_status":"closed","ping_status":"closed","template":"","meta":{"site-sidebar-layout":"no-sidebar","site-content-layout":"page-builder","ast-site-content-layout":"default","site-content-style":"default","site-sidebar-style":"default","ast-global-header-display":"","ast-banner-title-visibility":"","ast-main-header-display":"","ast-hfb-above-header-display":"","ast-hfb-below-header-display":"","ast-hfb-mobile-header-display":"","site-post-title":"disabled","ast-breadcrumbs-content":"","ast-featured-img":"disabled","footer-sml-layout":"","ast-disable-related-posts":"","theme-transparent-header-meta":"enabled","adv-header-id-meta":"","stick-header-meta":"default","header-above-stick-meta":"","header-main-stick-meta":"","header-below-stick-meta":"","astra-migrate-meta-layouts":"default","ast-page-background-enabled":"default","ast-page-background-meta":{"desktop":{"background-color":"","background-image":"","background-repeat":"repeat","background-position":"center center","background-size":"auto","background-attachment":"scroll","background-type":"","background-media":"","overlay-type":"","overlay-color":"","overlay-opacity":"","overlay-gradient":""},"tablet":{"background-color":"","background-image":"","background-repeat":"repeat","background-position":"center center","background-size":"auto","background-attachment":"scroll","background-type":"","background-media":"","overlay-type":"","overlay-color":"","overlay-opacity":"","overlay-gradient":""},"mobile":{"background-color":"","background-image":"","background-repeat":"repeat","background-position":"center center","background-size":"auto","background-attachment":"scroll","background-type":"","background-media":"","overlay-type":"","overlay-color":"","overlay-opacity":"","overlay-gradient":""}},"ast-content-background-meta":{"desktop":{"background-color":"var(--ast-global-color-5)","background-image":"","background-repeat":"repeat","background-position":"center center","background-size":"auto","background-attachment":"scroll","background-type":"","background-media":"","overlay-type":"","overlay-color":"","overlay-opacity":"","overlay-gradient":""},"tablet":{"background-color":"var(--ast-global-color-5)","background-image":"","background-repeat":"repeat","background-position":"center center","background-size":"auto","background-attachment":"scroll","background-type":"","background-media":"","overlay-type":"","overlay-color":"","overlay-opacity":"","overlay-gradient":""},"mobile":{"background-color":"var(--ast-global-color-5)","background-image":"","background-repeat":"repeat","background-position":"center center","background-size":"auto","background-attachment":"scroll","background-type":"","background-media":"","overlay-type":"","overlay-color":"","overlay-opacity":"","overlay-gradient":""}},"footnotes":""},"class_list":["post-2003","page","type-page","status-publish","has-post-thumbnail","hentry"],"yoast_head":"<!-- This site is optimized with the Yoast SEO plugin v27.1.1 - https:\/\/yoast.com\/product\/yoast-seo-wordpress\/ -->\n<title>Sosek4U -<\/title>\n<meta name=\"description\" content=\"Sosek4U je idealni dressing. Pripremljen u na\u0161oj kuhinji kao savr\u0161eni dodatak za razne tortilje, chips, krumpiri\u0107e ili kao dodatak jelima.\" \/>\n<meta name=\"robots\" content=\"index, follow, max-snippet:-1, max-image-preview:large, max-video-preview:-1\" \/>\n<link rel=\"canonical\" href=\"https:\/\/adaptivocibus.hr\/en\/sosek4u\/\" \/>\n<meta property=\"og:locale\" content=\"en_GB\" \/>\n<meta property=\"og:type\" content=\"article\" \/>\n<meta property=\"og:title\" content=\"Sosek4U -\" \/>\n<meta property=\"og:description\" content=\"Sosek4U je idealni dressing. Pripremljen u na\u0161oj kuhinji kao savr\u0161eni dodatak za razne tortilje, chips, krumpiri\u0107e ili kao dodatak jelima.\" \/>\n<meta property=\"og:url\" content=\"https:\/\/adaptivocibus.hr\/en\/sosek4u\/\" \/>\n<meta property=\"article:publisher\" content=\"https:\/\/www.facebook.com\/adaptivocibus\/\" \/>\n<meta property=\"article:modified_time\" content=\"2023-03-10T17:15:51+00:00\" \/>\n<meta property=\"og:image\" content=\"https:\/\/adaptivocibus.hr\/wp-content\/uploads\/2023\/01\/pexels-jonathan-borba-3622479.jpg\" \/>\n\t<meta property=\"og:image:width\" content=\"1278\" \/>\n\t<meta property=\"og:image:height\" content=\"684\" \/>\n\t<meta property=\"og:image:type\" content=\"image\/jpeg\" \/>\n<meta name=\"twitter:card\" content=\"summary_large_image\" \/>\n<meta name=\"twitter:label1\" content=\"Estimated reading time\" \/>\n\t<meta name=\"twitter:data1\" content=\"2 minutes\" \/>\n<script type=\"application\/ld+json\" class=\"yoast-schema-graph\">{\"@context\":\"https:\/\/schema.org\",\"@graph\":[{\"@type\":\"WebPage\",\"@id\":\"https:\/\/adaptivocibus.hr\/sosek4u\/\",\"url\":\"https:\/\/adaptivocibus.hr\/sosek4u\/\",\"name\":\"Sosek4U -\",\"isPartOf\":{\"@id\":\"https:\/\/adaptivocibus.hr\/#website\"},\"primaryImageOfPage\":{\"@id\":\"https:\/\/adaptivocibus.hr\/sosek4u\/#primaryimage\"},\"image\":{\"@id\":\"https:\/\/adaptivocibus.hr\/sosek4u\/#primaryimage\"},\"thumbnailUrl\":\"https:\/\/adaptivocibus.hr\/wp-content\/uploads\/2023\/01\/pexels-jonathan-borba-3622479.jpg\",\"datePublished\":\"2023-01-18T11:04:33+00:00\",\"dateModified\":\"2023-03-10T17:15:51+00:00\",\"description\":\"Sosek4U je idealni dressing. Pripremljen u na\u0161oj kuhinji kao savr\u0161eni dodatak za razne tortilje, chips, krumpiri\u0107e ili kao dodatak jelima.\",\"breadcrumb\":{\"@id\":\"https:\/\/adaptivocibus.hr\/sosek4u\/#breadcrumb\"},\"inLanguage\":\"en-GB\",\"potentialAction\":[{\"@type\":\"ReadAction\",\"target\":[\"https:\/\/adaptivocibus.hr\/sosek4u\/\"]}]},{\"@type\":\"ImageObject\",\"inLanguage\":\"en-GB\",\"@id\":\"https:\/\/adaptivocibus.hr\/sosek4u\/#primaryimage\",\"url\":\"https:\/\/adaptivocibus.hr\/wp-content\/uploads\/2023\/01\/pexels-jonathan-borba-3622479.jpg\",\"contentUrl\":\"https:\/\/adaptivocibus.hr\/wp-content\/uploads\/2023\/01\/pexels-jonathan-borba-3622479.jpg\",\"width\":1278,\"height\":684,\"caption\":\"Sosek4U\"},{\"@type\":\"BreadcrumbList\",\"@id\":\"https:\/\/adaptivocibus.hr\/sosek4u\/#breadcrumb\",\"itemListElement\":[{\"@type\":\"ListItem\",\"position\":1,\"name\":\"Po\u010detna stranica\",\"item\":\"https:\/\/adaptivocibus.hr\/en\/\"},{\"@type\":\"ListItem\",\"position\":2,\"name\":\"Sosek4U\"}]},{\"@type\":\"WebSite\",\"@id\":\"https:\/\/adaptivocibus.hr\/#website\",\"url\":\"https:\/\/adaptivocibus.hr\/\",\"name\":\"Adaptivo Cibus d.o.o.\",\"description\":\"\",\"publisher\":{\"@id\":\"https:\/\/adaptivocibus.hr\/#organization\"},\"potentialAction\":[{\"@type\":\"SearchAction\",\"target\":{\"@type\":\"EntryPoint\",\"urlTemplate\":\"https:\/\/adaptivocibus.hr\/?s={search_term_string}\"},\"query-input\":{\"@type\":\"PropertyValueSpecification\",\"valueRequired\":true,\"valueName\":\"search_term_string\"}}],\"inLanguage\":\"en-GB\"},{\"@type\":\"Organization\",\"@id\":\"https:\/\/adaptivocibus.hr\/#organization\",\"name\":\"Adaptivo Cibus d.o.o.\",\"url\":\"https:\/\/adaptivocibus.hr\/\",\"logo\":{\"@type\":\"ImageObject\",\"inLanguage\":\"en-GB\",\"@id\":\"https:\/\/adaptivocibus.hr\/#\/schema\/logo\/image\/\",\"url\":\"https:\/\/adaptivocibus.hr\/wp-content\/uploads\/2023\/01\/aDAPTIVO.png\",\"contentUrl\":\"https:\/\/adaptivocibus.hr\/wp-content\/uploads\/2023\/01\/aDAPTIVO.png\",\"width\":1339,\"height\":635,\"caption\":\"Adaptivo Cibus d.o.o.\"},\"image\":{\"@id\":\"https:\/\/adaptivocibus.hr\/#\/schema\/logo\/image\/\"},\"sameAs\":[\"https:\/\/www.facebook.com\/adaptivocibus\/\",\"https:\/\/www.instagram.com\/adaptivocibus.hr\/\"]}]}<\/script>\n<!-- \/ Yoast SEO plugin. -->","yoast_head_json":{"title":"Sosek4U -","description":"Sosek4U je idealni dressing. Pripremljen u na\u0161oj kuhinji kao savr\u0161eni dodatak za razne tortilje, chips, krumpiri\u0107e ili kao dodatak jelima.","robots":{"index":"index","follow":"follow","max-snippet":"max-snippet:-1","max-image-preview":"max-image-preview:large","max-video-preview":"max-video-preview:-1"},"canonical":"https:\/\/adaptivocibus.hr\/en\/sosek4u\/","og_locale":"en_GB","og_type":"article","og_title":"Sosek4U -","og_description":"Sosek4U je idealni dressing. Pripremljen u na\u0161oj kuhinji kao savr\u0161eni dodatak za razne tortilje, chips, krumpiri\u0107e ili kao dodatak jelima.","og_url":"https:\/\/adaptivocibus.hr\/en\/sosek4u\/","article_publisher":"https:\/\/www.facebook.com\/adaptivocibus\/","article_modified_time":"2023-03-10T17:15:51+00:00","og_image":[{"width":1278,"height":684,"url":"https:\/\/adaptivocibus.hr\/wp-content\/uploads\/2023\/01\/pexels-jonathan-borba-3622479.jpg","type":"image\/jpeg"}],"twitter_card":"summary_large_image","twitter_misc":{"Estimated reading time":"2 minutes"},"schema":{"@context":"https:\/\/schema.org","@graph":[{"@type":"WebPage","@id":"https:\/\/adaptivocibus.hr\/sosek4u\/","url":"https:\/\/adaptivocibus.hr\/sosek4u\/","name":"Sosek4U -","isPartOf":{"@id":"https:\/\/adaptivocibus.hr\/#website"},"primaryImageOfPage":{"@id":"https:\/\/adaptivocibus.hr\/sosek4u\/#primaryimage"},"image":{"@id":"https:\/\/adaptivocibus.hr\/sosek4u\/#primaryimage"},"thumbnailUrl":"https:\/\/adaptivocibus.hr\/wp-content\/uploads\/2023\/01\/pexels-jonathan-borba-3622479.jpg","datePublished":"2023-01-18T11:04:33+00:00","dateModified":"2023-03-10T17:15:51+00:00","description":"Sosek4U je idealni dressing. Pripremljen u na\u0161oj kuhinji kao savr\u0161eni dodatak za razne tortilje, chips, krumpiri\u0107e ili kao dodatak jelima.","breadcrumb":{"@id":"https:\/\/adaptivocibus.hr\/sosek4u\/#breadcrumb"},"inLanguage":"en-GB","potentialAction":[{"@type":"ReadAction","target":["https:\/\/adaptivocibus.hr\/sosek4u\/"]}]},{"@type":"ImageObject","inLanguage":"en-GB","@id":"https:\/\/adaptivocibus.hr\/sosek4u\/#primaryimage","url":"https:\/\/adaptivocibus.hr\/wp-content\/uploads\/2023\/01\/pexels-jonathan-borba-3622479.jpg","contentUrl":"https:\/\/adaptivocibus.hr\/wp-content\/uploads\/2023\/01\/pexels-jonathan-borba-3622479.jpg","width":1278,"height":684,"caption":"Sosek4U"},{"@type":"BreadcrumbList","@id":"https:\/\/adaptivocibus.hr\/sosek4u\/#breadcrumb","itemListElement":[{"@type":"ListItem","position":1,"name":"Po\u010detna stranica","item":"https:\/\/adaptivocibus.hr\/en\/"},{"@type":"ListItem","position":2,"name":"Sosek4U"}]},{"@type":"WebSite","@id":"https:\/\/adaptivocibus.hr\/#website","url":"https:\/\/adaptivocibus.hr\/","name":"Adaptivo Cibus d.o.o.","description":"","publisher":{"@id":"https:\/\/adaptivocibus.hr\/#organization"},"potentialAction":[{"@type":"SearchAction","target":{"@type":"EntryPoint","urlTemplate":"https:\/\/adaptivocibus.hr\/?s={search_term_string}"},"query-input":{"@type":"PropertyValueSpecification","valueRequired":true,"valueName":"search_term_string"}}],"inLanguage":"en-GB"},{"@type":"Organization","@id":"https:\/\/adaptivocibus.hr\/#organization","name":"Adaptivo Cibus d.o.o.","url":"https:\/\/adaptivocibus.hr\/","logo":{"@type":"ImageObject","inLanguage":"en-GB","@id":"https:\/\/adaptivocibus.hr\/#\/schema\/logo\/image\/","url":"https:\/\/adaptivocibus.hr\/wp-content\/uploads\/2023\/01\/aDAPTIVO.png","contentUrl":"https:\/\/adaptivocibus.hr\/wp-content\/uploads\/2023\/01\/aDAPTIVO.png","width":1339,"height":635,"caption":"Adaptivo Cibus d.o.o."},"image":{"@id":"https:\/\/adaptivocibus.hr\/#\/schema\/logo\/image\/"},"sameAs":["https:\/\/www.facebook.com\/adaptivocibus\/","https:\/\/www.instagram.com\/adaptivocibus.hr\/"]}]}},"_links":{"self":[{"href":"https:\/\/adaptivocibus.hr\/en\/wp-json\/wp\/v2\/pages\/2003","targetHints":{"allow":["GET"]}}],"collection":[{"href":"https:\/\/adaptivocibus.hr\/en\/wp-json\/wp\/v2\/pages"}],"about":[{"href":"https:\/\/adaptivocibus.hr\/en\/wp-json\/wp\/v2\/types\/page"}],"author":[{"embeddable":true,"href":"https:\/\/adaptivocibus.hr\/en\/wp-json\/wp\/v2\/users\/1"}],"replies":[{"embeddable":true,"href":"https:\/\/adaptivocibus.hr\/en\/wp-json\/wp\/v2\/comments?post=2003"}],"version-history":[{"count":26,"href":"https:\/\/adaptivocibus.hr\/en\/wp-json\/wp\/v2\/pages\/2003\/revisions"}],"predecessor-version":[{"id":2362,"href":"https:\/\/adaptivocibus.hr\/en\/wp-json\/wp\/v2\/pages\/2003\/revisions\/2362"}],"wp:featuredmedia":[{"embeddable":true,"href":"https:\/\/adaptivocibus.hr\/en\/wp-json\/wp\/v2\/media\/2187"}],"wp:attachment":[{"href":"https:\/\/adaptivocibus.hr\/en\/wp-json\/wp\/v2\/media?parent=2003"}],"curies":[{"name":"wp","href":"https:\/\/api.w.org\/{rel}","templated":true}]}}