{"id":107,"date":"2021-05-07T16:15:16","date_gmt":"2021-05-07T16:15:16","guid":{"rendered":"https:\/\/adaptivocibus.hr\/contact\/"},"modified":"2025-06-25T09:56:48","modified_gmt":"2025-06-25T09:56:48","slug":"kontakt","status":"publish","type":"page","link":"https:\/\/adaptivocibus.hr\/en\/kontakt\/","title":{"rendered":"Contact"},"content":{"rendered":"\t\t<div data-elementor-type=\"wp-page\" data-elementor-id=\"107\" class=\"elementor elementor-107\">\n\t\t\t\t\t\t<section class=\"elementor-section elementor-top-section elementor-element elementor-element-31ed6bb elementor-section-boxed elementor-section-height-default elementor-section-height-default\" data-id=\"31ed6bb\" data-element_type=\"section\" data-e-type=\"section\" data-settings=\"{&quot;background_background&quot;:&quot;classic&quot;}\">\n\t\t\t\t\t\t\t<div class=\"elementor-background-overlay\"><\/div>\n\t\t\t\t\t\t\t<div class=\"elementor-container elementor-column-gap-no\">\n\t\t\t\t\t<div class=\"elementor-column elementor-col-100 elementor-top-column elementor-element elementor-element-48930cc\" data-id=\"48930cc\" data-element_type=\"column\" data-e-type=\"column\">\n\t\t\t<div class=\"elementor-widget-wrap elementor-element-populated\">\n\t\t\t\t\t\t<div class=\"elementor-element elementor-element-debef74 elementor-widget elementor-widget-heading\" data-id=\"debef74\" data-element_type=\"widget\" data-e-type=\"widget\" data-widget_type=\"heading.default\">\n\t\t\t\t<div class=\"elementor-widget-container\">\n\t\t\t\t\t<h1 class=\"elementor-heading-title elementor-size-default\">Veselimo se upitima<\/h1>\t\t\t\t<\/div>\n\t\t\t\t<\/div>\n\t\t\t\t\t<\/div>\n\t\t<\/div>\n\t\t\t\t\t<\/div>\n\t\t<\/section>\n\t\t\t\t<section class=\"elementor-section elementor-top-section elementor-element elementor-element-d71ff12 elementor-section-boxed elementor-section-height-default elementor-section-height-default\" data-id=\"d71ff12\" data-element_type=\"section\" data-e-type=\"section\">\n\t\t\t\t\t\t<div class=\"elementor-container elementor-column-gap-no\">\n\t\t\t\t\t<div class=\"elementor-column elementor-col-100 elementor-top-column elementor-element elementor-element-48115e6\" data-id=\"48115e6\" data-element_type=\"column\" data-e-type=\"column\">\n\t\t\t<div class=\"elementor-widget-wrap elementor-element-populated\">\n\t\t\t\t\t\t<div class=\"elementor-element elementor-element-69f0dfe elementor-widget elementor-widget-heading\" data-id=\"69f0dfe\" data-element_type=\"widget\" data-e-type=\"widget\" data-widget_type=\"heading.default\">\n\t\t\t\t<div class=\"elementor-widget-container\">\n\t\t\t\t\t<h2 class=\"elementor-heading-title elementor-size-default\">+ 385 98 350 488<\/h2>\t\t\t\t<\/div>\n\t\t\t\t<\/div>\n\t\t\t\t<div class=\"elementor-element elementor-element-91a13af elementor-widget elementor-widget-icon-box\" data-id=\"91a13af\" data-element_type=\"widget\" data-e-type=\"widget\" data-widget_type=\"icon-box.default\">\n\t\t\t\t<div class=\"elementor-widget-container\">\n\t\t\t\t\t\t\t<div class=\"elementor-icon-box-wrapper\">\n\n\t\t\t\n\t\t\t\t\t\t<div class=\"elementor-icon-box-content\">\n\n\t\t\t\t\t\t\t\t\t<h4 class=\"elementor-icon-box-title\">\n\t\t\t\t\t\t<span  >\n\t\t\t\t\t\t\tOperativna Adresa\t\t\t\t\t\t<\/span>\n\t\t\t\t\t<\/h4>\n\t\t\t\t\n\t\t\t\t\t\t\t\t\t<p class=\"elementor-icon-box-description\">\n\t\t\t\t\t\tSavski Gaj, II put br. 15\n, Zagreb\t\t\t\t\t<\/p>\n\t\t\t\t\n\t\t\t<\/div>\n\t\t\t\n\t\t<\/div>\n\t\t\t\t\t\t<\/div>\n\t\t\t\t<\/div>\n\t\t\t\t<section class=\"elementor-section elementor-inner-section elementor-element elementor-element-c3ea9f9 elementor-section-content-middle elementor-section-boxed elementor-section-height-default elementor-section-height-default\" data-id=\"c3ea9f9\" data-element_type=\"section\" data-e-type=\"section\">\n\t\t\t\t\t\t<div class=\"elementor-container elementor-column-gap-no\">\n\t\t\t\t\t<div class=\"elementor-column elementor-col-50 elementor-inner-column elementor-element elementor-element-663efb9\" data-id=\"663efb9\" data-element_type=\"column\" data-e-type=\"column\">\n\t\t\t<div class=\"elementor-widget-wrap elementor-element-populated\">\n\t\t\t\t\t\t<div class=\"elementor-element elementor-element-919b029 elementor-widget elementor-widget-google_maps\" data-id=\"919b029\" data-element_type=\"widget\" data-e-type=\"widget\" data-widget_type=\"google_maps.default\">\n\t\t\t\t<div class=\"elementor-widget-container\">\n\t\t\t\t\t\t\t<div class=\"elementor-custom-embed\">\n\t\t\t<iframe loading=\"lazy\"\n\t\t\t\t\tsrc=\"https:\/\/maps.google.com\/maps?q=Savski%20Gaj%2C%20II%20put%20br.%2015%2C%20Zagreb&#038;t=m&#038;z=15&#038;output=embed&#038;iwloc=near\"\n\t\t\t\t\ttitle=\"Savski Gaj, II put br. 15, Zagreb\"\n\t\t\t\t\taria-label=\"Savski Gaj, II put br. 15, Zagreb\"\n\t\t\t><\/iframe>\n\t\t<\/div>\n\t\t\t\t\t\t<\/div>\n\t\t\t\t<\/div>\n\t\t\t\t\t<\/div>\n\t\t<\/div>\n\t\t\t\t<div class=\"elementor-column elementor-col-50 elementor-inner-column elementor-element elementor-element-ba216a3\" data-id=\"ba216a3\" data-element_type=\"column\" data-e-type=\"column\" data-settings=\"{&quot;background_background&quot;:&quot;classic&quot;}\">\n\t\t\t<div class=\"elementor-widget-wrap elementor-element-populated\">\n\t\t\t\t\t\t<div class=\"elementor-element elementor-element-f774ebb elementor-widget elementor-widget-wpforms\" data-id=\"f774ebb\" data-element_type=\"widget\" data-e-type=\"widget\" data-widget_type=\"wpforms.default\">\n\t\t\t\t<div class=\"elementor-widget-container\">\n\t\t\t\t\t<div class=\"wpforms-container \" id=\"wpforms-1969\"><form id=\"wpforms-form-1969\" class=\"wpforms-validate wpforms-form\" data-formid=\"1969\" method=\"post\" enctype=\"multipart\/form-data\" action=\"\/en\/wp-json\/wp\/v2\/pages\/107\" data-token=\"6b98bfee16747f780ae57efac5c086cb\" data-token-time=\"1776510946\"><noscript class=\"wpforms-error-noscript\">Please enable JavaScript in your browser to complete this form.<\/noscript><div class=\"wpforms-field-container\"><div id=\"wpforms-1969-field_0-container\" class=\"wpforms-field wpforms-field-name\" data-field-id=\"0\"><label class=\"wpforms-field-label wpforms-label-hide\" for=\"wpforms-1969-field_0\">Name <span class=\"wpforms-required-label\">*<\/span><\/label><div class=\"wpforms-field-row wpforms-field-large\"><div class=\"wpforms-field-row-block wpforms-first wpforms-one-half\"><input type=\"text\" id=\"wpforms-1969-field_0\" class=\"wpforms-field-name-first wpforms-field-required\" name=\"wpforms[fields][0][first]\" placeholder=\"First Name\" required><label for=\"wpforms-1969-field_0\" class=\"wpforms-field-sublabel after wpforms-sublabel-hide\">First<\/label><\/div><div class=\"wpforms-field-row-block wpforms-one-half\"><input type=\"text\" id=\"wpforms-1969-field_0-last\" class=\"wpforms-field-name-last wpforms-field-required\" name=\"wpforms[fields][0][last]\" placeholder=\"Last Name\" required><label for=\"wpforms-1969-field_0-last\" class=\"wpforms-field-sublabel after wpforms-sublabel-hide\">Last<\/label><\/div><\/div><\/div><div id=\"wpforms-1969-field_1-container\" class=\"wpforms-field wpforms-field-email\" data-field-id=\"1\"><label class=\"wpforms-field-label wpforms-label-hide\" for=\"wpforms-1969-field_1\">Email <span class=\"wpforms-required-label\">*<\/span><\/label><input type=\"email\" id=\"wpforms-1969-field_1\" class=\"wpforms-field-large wpforms-field-required\" name=\"wpforms[fields][1]\" placeholder=\"Email Address\" spellcheck=\"false\" required><\/div><div id=\"wpforms-1969-field_3-container\" class=\"wpforms-field wpforms-field-text\" data-field-id=\"3\"><label class=\"wpforms-field-label wpforms-label-hide\" for=\"wpforms-1969-field_3\">Subject <span class=\"wpforms-required-label\">*<\/span><\/label><input type=\"text\" id=\"wpforms-1969-field_3\" class=\"wpforms-field-large wpforms-field-required\" name=\"wpforms[fields][3]\" placeholder=\"Subject\" required><\/div><div id=\"wpforms-1969-field_4-container\" class=\"wpforms-field wpforms-field-number\" data-field-id=\"4\"><label class=\"wpforms-field-label wpforms-label-hide\" for=\"wpforms-1969-field_4\">Contact Number <span class=\"wpforms-required-label\">*<\/span><\/label><input type=\"number\" id=\"wpforms-1969-field_4\" class=\"wpforms-field-large wpforms-field-required\" name=\"wpforms[fields][4]\" placeholder=\"Contact Number\" step=\"any\" required><\/div><div id=\"wpforms-1969-field_2-container\" class=\"wpforms-field wpforms-field-textarea\" data-field-id=\"2\"><label class=\"wpforms-field-label wpforms-label-hide\" for=\"wpforms-1969-field_2\">Comment or Message <span class=\"wpforms-required-label\">*<\/span><\/label><textarea id=\"wpforms-1969-field_2\" class=\"wpforms-field-medium wpforms-field-required\" name=\"wpforms[fields][2]\" placeholder=\"Your Message\" required><\/textarea><\/div><\/div><!-- .wpforms-field-container --><div class=\"wpforms-submit-container\" ><input type=\"hidden\" name=\"wpforms[id]\" value=\"1969\"><input type=\"hidden\" name=\"page_title\" value=\"\"><input type=\"hidden\" name=\"page_url\" value=\"https:\/\/adaptivocibus.hr\/en\/wp-json\/wp\/v2\/pages\/107\"><input type=\"hidden\" name=\"url_referer\" value=\"\"><button type=\"submit\" name=\"wpforms[submit]\" id=\"wpforms-submit-1969\" class=\"wpforms-submit\" data-alt-text=\"Sending...\" data-submit-text=\"Send Message\" aria-live=\"assertive\" value=\"wpforms-submit\">Send Message<\/button><\/div><\/form><\/div>  <!-- .wpforms-container -->\t\t\t\t<\/div>\n\t\t\t\t<\/div>\n\t\t\t\t\t<\/div>\n\t\t<\/div>\n\t\t\t\t\t<\/div>\n\t\t<\/section>\n\t\t\t\t\t<\/div>\n\t\t<\/div>\n\t\t\t\t\t<\/div>\n\t\t<\/section>\n\t\t\t\t<section class=\"elementor-section elementor-top-section elementor-element elementor-element-c0eb2dd elementor-section-boxed elementor-section-height-default elementor-section-height-default\" data-id=\"c0eb2dd\" data-element_type=\"section\" data-e-type=\"section\">\n\t\t\t\t\t\t<div class=\"elementor-container elementor-column-gap-no\">\n\t\t\t\t\t<div class=\"elementor-column elementor-col-100 elementor-top-column elementor-element elementor-element-0566886\" data-id=\"0566886\" data-element_type=\"column\" data-e-type=\"column\">\n\t\t\t<div class=\"elementor-widget-wrap elementor-element-populated\">\n\t\t\t\t\t\t<div class=\"elementor-element elementor-element-a38f22c elementor-widget elementor-widget-heading\" data-id=\"a38f22c\" data-element_type=\"widget\" data-e-type=\"widget\" data-widget_type=\"heading.default\">\n\t\t\t\t<div class=\"elementor-widget-container\">\n\t\t\t\t\t<h3 class=\"elementor-heading-title elementor-size-default\">Op\u0107i podatci o tvrtki<\/h3>\t\t\t\t<\/div>\n\t\t\t\t<\/div>\n\t\t\t\t<div class=\"elementor-element elementor-element-247ff10 elementor-widget elementor-widget-icon-box\" data-id=\"247ff10\" data-element_type=\"widget\" data-e-type=\"widget\" data-widget_type=\"icon-box.default\">\n\t\t\t\t<div class=\"elementor-widget-container\">\n\t\t\t\t\t\t\t<div class=\"elementor-icon-box-wrapper\">\n\n\t\t\t\n\t\t\t\t\t\t<div class=\"elementor-icon-box-content\">\n\n\t\t\t\t\n\t\t\t\t\t\t\t\t\t<p class=\"elementor-icon-box-description\">\n\t\t\t\t\t\t\n\nNaziv: Adaptivo Cibus d.o.o.\nSjedi\u0161te: Mareti\u0107eva ulica 16, 10000 Zagreb\n\nOvla\u0161tena osoba: Mario Ve\u0161ligaj\nOIB: 86761864968\nMati\u010dni broj: 05662460\n\ne-po\u0161ta: info (@) adaptivocibus(.)hr\nmobitel: +38598 350 488\n\nTransakcijski ra\u010dun IBAN: HR3224020061101121045 otvoren u Erste&amp;Steierm\u00e4rkische Bank d.d.\n\nPo\u010detni kapital: 20 000,00 kn upla\u0107en u cijelosti.\u00a0\t\t\t\t\t<\/p>\n\t\t\t\t\n\t\t\t<\/div>\n\t\t\t\n\t\t<\/div>\n\t\t\t\t\t\t<\/div>\n\t\t\t\t<\/div>\n\t\t\t\t\t<\/div>\n\t\t<\/div>\n\t\t\t\t\t<\/div>\n\t\t<\/section>\n\t\t\t\t<\/div>\n\t\t","protected":false},"excerpt":{"rendered":"<p>Veselimo se upitima + 385 98 350 488 Operativna Adresa Savski Gaj, II put br. 15 , Zagreb Please enable JavaScript in your browser to complete this form.Name *FirstLastEmail *Subject *Contact Number *Comment or Message * Send Message Op\u0107i podatci o tvrtki Naziv: Adaptivo Cibus d.o.o. Sjedi\u0161te: Mareti\u0107eva ulica 16, 10000 Zagreb Ovla\u0161tena osoba: Mario [&hellip;]<\/p>\n","protected":false},"author":1,"featured_media":2047,"parent":0,"menu_order":0,"comment_status":"closed","ping_status":"closed","template":"","meta":{"site-sidebar-layout":"no-sidebar","site-content-layout":"page-builder","ast-site-content-layout":"default","site-content-style":"default","site-sidebar-style":"default","ast-global-header-display":"","ast-banner-title-visibility":"","ast-main-header-display":"","ast-hfb-above-header-display":"","ast-hfb-below-header-display":"","ast-hfb-mobile-header-display":"","site-post-title":"disabled","ast-breadcrumbs-content":"","ast-featured-img":"disabled","footer-sml-layout":"","ast-disable-related-posts":"","theme-transparent-header-meta":"enabled","adv-header-id-meta":"","stick-header-meta":"default","header-above-stick-meta":"","header-main-stick-meta":"","header-below-stick-meta":"","astra-migrate-meta-layouts":"default","ast-page-background-enabled":"default","ast-page-background-meta":{"desktop":{"background-color":"","background-image":"","background-repeat":"repeat","background-position":"center center","background-size":"auto","background-attachment":"scroll","background-type":"","background-media":"","overlay-type":"","overlay-color":"","overlay-opacity":"","overlay-gradient":""},"tablet":{"background-color":"","background-image":"","background-repeat":"repeat","background-position":"center center","background-size":"auto","background-attachment":"scroll","background-type":"","background-media":"","overlay-type":"","overlay-color":"","overlay-opacity":"","overlay-gradient":""},"mobile":{"background-color":"","background-image":"","background-repeat":"repeat","background-position":"center center","background-size":"auto","background-attachment":"scroll","background-type":"","background-media":"","overlay-type":"","overlay-color":"","overlay-opacity":"","overlay-gradient":""}},"ast-content-background-meta":{"desktop":{"background-color":"var(--ast-global-color-5)","background-image":"","background-repeat":"repeat","background-position":"center center","background-size":"auto","background-attachment":"scroll","background-type":"","background-media":"","overlay-type":"","overlay-color":"","overlay-opacity":"","overlay-gradient":""},"tablet":{"background-color":"var(--ast-global-color-5)","background-image":"","background-repeat":"repeat","background-position":"center center","background-size":"auto","background-attachment":"scroll","background-type":"","background-media":"","overlay-type":"","overlay-color":"","overlay-opacity":"","overlay-gradient":""},"mobile":{"background-color":"var(--ast-global-color-5)","background-image":"","background-repeat":"repeat","background-position":"center center","background-size":"auto","background-attachment":"scroll","background-type":"","background-media":"","overlay-type":"","overlay-color":"","overlay-opacity":"","overlay-gradient":""}},"footnotes":""},"class_list":["post-107","page","type-page","status-publish","has-post-thumbnail","hentry"],"yoast_head":"<!-- This site is optimized with the Yoast SEO plugin v27.1.1 - https:\/\/yoast.com\/product\/yoast-seo-wordpress\/ -->\n<title>Kontakt -<\/title>\n<meta name=\"description\" content=\"Kontaktirajte nas, pi\u0161ite nam, pitajte, ovdje smo da odgovorimo na sve va\u0161e upite ali i da vam pru\u017eimo najbolje od na\u0161e usluge. Na\u0161 kontakt!\" \/>\n<meta name=\"robots\" content=\"index, follow, max-snippet:-1, max-image-preview:large, max-video-preview:-1\" \/>\n<link rel=\"canonical\" href=\"https:\/\/adaptivocibus.hr\/en\/kontakt\/\" \/>\n<meta property=\"og:locale\" content=\"en_GB\" \/>\n<meta property=\"og:type\" content=\"article\" \/>\n<meta property=\"og:title\" content=\"Kontakt -\" \/>\n<meta property=\"og:description\" content=\"Kontaktirajte nas, pi\u0161ite nam, pitajte, ovdje smo da odgovorimo na sve va\u0161e upite ali i da vam pru\u017eimo najbolje od na\u0161e usluge. Na\u0161 kontakt!\" \/>\n<meta property=\"og:url\" content=\"https:\/\/adaptivocibus.hr\/en\/kontakt\/\" \/>\n<meta property=\"article:publisher\" content=\"https:\/\/www.facebook.com\/adaptivocibus\/\" \/>\n<meta property=\"article:modified_time\" content=\"2025-06-25T09:56:48+00:00\" \/>\n<meta property=\"og:image\" content=\"https:\/\/adaptivocibus.hr\/wp-content\/uploads\/2023\/01\/IMG-20230108-WA0010.jpg\" \/>\n\t<meta property=\"og:image:width\" content=\"2048\" \/>\n\t<meta property=\"og:image:height\" content=\"1536\" \/>\n\t<meta property=\"og:image:type\" content=\"image\/jpeg\" \/>\n<meta name=\"twitter:card\" content=\"summary_large_image\" \/>\n<meta name=\"twitter:label1\" content=\"Estimated reading time\" \/>\n\t<meta name=\"twitter:data1\" content=\"1 minute\" \/>\n<script type=\"application\/ld+json\" class=\"yoast-schema-graph\">{\"@context\":\"https:\/\/schema.org\",\"@graph\":[{\"@type\":\"WebPage\",\"@id\":\"https:\/\/adaptivocibus.hr\/kontakt\/\",\"url\":\"https:\/\/adaptivocibus.hr\/kontakt\/\",\"name\":\"Kontakt -\",\"isPartOf\":{\"@id\":\"https:\/\/adaptivocibus.hr\/#website\"},\"primaryImageOfPage\":{\"@id\":\"https:\/\/adaptivocibus.hr\/kontakt\/#primaryimage\"},\"image\":{\"@id\":\"https:\/\/adaptivocibus.hr\/kontakt\/#primaryimage\"},\"thumbnailUrl\":\"https:\/\/adaptivocibus.hr\/wp-content\/uploads\/2023\/01\/IMG-20230108-WA0010.jpg\",\"datePublished\":\"2021-05-07T16:15:16+00:00\",\"dateModified\":\"2025-06-25T09:56:48+00:00\",\"description\":\"Kontaktirajte nas, pi\u0161ite nam, pitajte, ovdje smo da odgovorimo na sve va\u0161e upite ali i da vam pru\u017eimo najbolje od na\u0161e usluge. Na\u0161 kontakt!\",\"breadcrumb\":{\"@id\":\"https:\/\/adaptivocibus.hr\/kontakt\/#breadcrumb\"},\"inLanguage\":\"en-GB\",\"potentialAction\":[{\"@type\":\"ReadAction\",\"target\":[\"https:\/\/adaptivocibus.hr\/kontakt\/\"]}]},{\"@type\":\"ImageObject\",\"inLanguage\":\"en-GB\",\"@id\":\"https:\/\/adaptivocibus.hr\/kontakt\/#primaryimage\",\"url\":\"https:\/\/adaptivocibus.hr\/wp-content\/uploads\/2023\/01\/IMG-20230108-WA0010.jpg\",\"contentUrl\":\"https:\/\/adaptivocibus.hr\/wp-content\/uploads\/2023\/01\/IMG-20230108-WA0010.jpg\",\"width\":2048,\"height\":1536,\"caption\":\"Fini kontakt\"},{\"@type\":\"BreadcrumbList\",\"@id\":\"https:\/\/adaptivocibus.hr\/kontakt\/#breadcrumb\",\"itemListElement\":[{\"@type\":\"ListItem\",\"position\":1,\"name\":\"Po\u010detna stranica\",\"item\":\"https:\/\/adaptivocibus.hr\/en\/\"},{\"@type\":\"ListItem\",\"position\":2,\"name\":\"Kontakt\"}]},{\"@type\":\"WebSite\",\"@id\":\"https:\/\/adaptivocibus.hr\/#website\",\"url\":\"https:\/\/adaptivocibus.hr\/\",\"name\":\"Adaptivo Cibus d.o.o.\",\"description\":\"\",\"publisher\":{\"@id\":\"https:\/\/adaptivocibus.hr\/#organization\"},\"potentialAction\":[{\"@type\":\"SearchAction\",\"target\":{\"@type\":\"EntryPoint\",\"urlTemplate\":\"https:\/\/adaptivocibus.hr\/?s={search_term_string}\"},\"query-input\":{\"@type\":\"PropertyValueSpecification\",\"valueRequired\":true,\"valueName\":\"search_term_string\"}}],\"inLanguage\":\"en-GB\"},{\"@type\":\"Organization\",\"@id\":\"https:\/\/adaptivocibus.hr\/#organization\",\"name\":\"Adaptivo Cibus d.o.o.\",\"url\":\"https:\/\/adaptivocibus.hr\/\",\"logo\":{\"@type\":\"ImageObject\",\"inLanguage\":\"en-GB\",\"@id\":\"https:\/\/adaptivocibus.hr\/#\/schema\/logo\/image\/\",\"url\":\"https:\/\/adaptivocibus.hr\/wp-content\/uploads\/2023\/01\/aDAPTIVO.png\",\"contentUrl\":\"https:\/\/adaptivocibus.hr\/wp-content\/uploads\/2023\/01\/aDAPTIVO.png\",\"width\":1339,\"height\":635,\"caption\":\"Adaptivo Cibus d.o.o.\"},\"image\":{\"@id\":\"https:\/\/adaptivocibus.hr\/#\/schema\/logo\/image\/\"},\"sameAs\":[\"https:\/\/www.facebook.com\/adaptivocibus\/\",\"https:\/\/www.instagram.com\/adaptivocibus.hr\/\"]}]}<\/script>\n<!-- \/ Yoast SEO plugin. -->","yoast_head_json":{"title":"Kontakt -","description":"Kontaktirajte nas, pi\u0161ite nam, pitajte, ovdje smo da odgovorimo na sve va\u0161e upite ali i da vam pru\u017eimo najbolje od na\u0161e usluge. Na\u0161 kontakt!","robots":{"index":"index","follow":"follow","max-snippet":"max-snippet:-1","max-image-preview":"max-image-preview:large","max-video-preview":"max-video-preview:-1"},"canonical":"https:\/\/adaptivocibus.hr\/en\/kontakt\/","og_locale":"en_GB","og_type":"article","og_title":"Kontakt -","og_description":"Kontaktirajte nas, pi\u0161ite nam, pitajte, ovdje smo da odgovorimo na sve va\u0161e upite ali i da vam pru\u017eimo najbolje od na\u0161e usluge. Na\u0161 kontakt!","og_url":"https:\/\/adaptivocibus.hr\/en\/kontakt\/","article_publisher":"https:\/\/www.facebook.com\/adaptivocibus\/","article_modified_time":"2025-06-25T09:56:48+00:00","og_image":[{"width":2048,"height":1536,"url":"https:\/\/adaptivocibus.hr\/wp-content\/uploads\/2023\/01\/IMG-20230108-WA0010.jpg","type":"image\/jpeg"}],"twitter_card":"summary_large_image","twitter_misc":{"Estimated reading time":"1 minute"},"schema":{"@context":"https:\/\/schema.org","@graph":[{"@type":"WebPage","@id":"https:\/\/adaptivocibus.hr\/kontakt\/","url":"https:\/\/adaptivocibus.hr\/kontakt\/","name":"Kontakt -","isPartOf":{"@id":"https:\/\/adaptivocibus.hr\/#website"},"primaryImageOfPage":{"@id":"https:\/\/adaptivocibus.hr\/kontakt\/#primaryimage"},"image":{"@id":"https:\/\/adaptivocibus.hr\/kontakt\/#primaryimage"},"thumbnailUrl":"https:\/\/adaptivocibus.hr\/wp-content\/uploads\/2023\/01\/IMG-20230108-WA0010.jpg","datePublished":"2021-05-07T16:15:16+00:00","dateModified":"2025-06-25T09:56:48+00:00","description":"Kontaktirajte nas, pi\u0161ite nam, pitajte, ovdje smo da odgovorimo na sve va\u0161e upite ali i da vam pru\u017eimo najbolje od na\u0161e usluge. Na\u0161 kontakt!","breadcrumb":{"@id":"https:\/\/adaptivocibus.hr\/kontakt\/#breadcrumb"},"inLanguage":"en-GB","potentialAction":[{"@type":"ReadAction","target":["https:\/\/adaptivocibus.hr\/kontakt\/"]}]},{"@type":"ImageObject","inLanguage":"en-GB","@id":"https:\/\/adaptivocibus.hr\/kontakt\/#primaryimage","url":"https:\/\/adaptivocibus.hr\/wp-content\/uploads\/2023\/01\/IMG-20230108-WA0010.jpg","contentUrl":"https:\/\/adaptivocibus.hr\/wp-content\/uploads\/2023\/01\/IMG-20230108-WA0010.jpg","width":2048,"height":1536,"caption":"Fini kontakt"},{"@type":"BreadcrumbList","@id":"https:\/\/adaptivocibus.hr\/kontakt\/#breadcrumb","itemListElement":[{"@type":"ListItem","position":1,"name":"Po\u010detna stranica","item":"https:\/\/adaptivocibus.hr\/en\/"},{"@type":"ListItem","position":2,"name":"Kontakt"}]},{"@type":"WebSite","@id":"https:\/\/adaptivocibus.hr\/#website","url":"https:\/\/adaptivocibus.hr\/","name":"Adaptivo Cibus d.o.o.","description":"","publisher":{"@id":"https:\/\/adaptivocibus.hr\/#organization"},"potentialAction":[{"@type":"SearchAction","target":{"@type":"EntryPoint","urlTemplate":"https:\/\/adaptivocibus.hr\/?s={search_term_string}"},"query-input":{"@type":"PropertyValueSpecification","valueRequired":true,"valueName":"search_term_string"}}],"inLanguage":"en-GB"},{"@type":"Organization","@id":"https:\/\/adaptivocibus.hr\/#organization","name":"Adaptivo Cibus d.o.o.","url":"https:\/\/adaptivocibus.hr\/","logo":{"@type":"ImageObject","inLanguage":"en-GB","@id":"https:\/\/adaptivocibus.hr\/#\/schema\/logo\/image\/","url":"https:\/\/adaptivocibus.hr\/wp-content\/uploads\/2023\/01\/aDAPTIVO.png","contentUrl":"https:\/\/adaptivocibus.hr\/wp-content\/uploads\/2023\/01\/aDAPTIVO.png","width":1339,"height":635,"caption":"Adaptivo Cibus d.o.o."},"image":{"@id":"https:\/\/adaptivocibus.hr\/#\/schema\/logo\/image\/"},"sameAs":["https:\/\/www.facebook.com\/adaptivocibus\/","https:\/\/www.instagram.com\/adaptivocibus.hr\/"]}]}},"_links":{"self":[{"href":"https:\/\/adaptivocibus.hr\/en\/wp-json\/wp\/v2\/pages\/107","targetHints":{"allow":["GET"]}}],"collection":[{"href":"https:\/\/adaptivocibus.hr\/en\/wp-json\/wp\/v2\/pages"}],"about":[{"href":"https:\/\/adaptivocibus.hr\/en\/wp-json\/wp\/v2\/types\/page"}],"author":[{"embeddable":true,"href":"https:\/\/adaptivocibus.hr\/en\/wp-json\/wp\/v2\/users\/1"}],"replies":[{"embeddable":true,"href":"https:\/\/adaptivocibus.hr\/en\/wp-json\/wp\/v2\/comments?post=107"}],"version-history":[{"count":18,"href":"https:\/\/adaptivocibus.hr\/en\/wp-json\/wp\/v2\/pages\/107\/revisions"}],"predecessor-version":[{"id":2437,"href":"https:\/\/adaptivocibus.hr\/en\/wp-json\/wp\/v2\/pages\/107\/revisions\/2437"}],"wp:featuredmedia":[{"embeddable":true,"href":"https:\/\/adaptivocibus.hr\/en\/wp-json\/wp\/v2\/media\/2047"}],"wp:attachment":[{"href":"https:\/\/adaptivocibus.hr\/en\/wp-json\/wp\/v2\/media?parent=107"}],"curies":[{"name":"wp","href":"https:\/\/api.w.org\/{rel}","templated":true}]}}