{"id":105,"date":"2021-05-07T16:15:15","date_gmt":"2021-05-07T16:15:15","guid":{"rendered":"https:\/\/adaptivocibus.hr\/about-2\/"},"modified":"2023-03-10T16:55:43","modified_gmt":"2023-03-10T16:55:43","slug":"o-nama","status":"publish","type":"page","link":"https:\/\/adaptivocibus.hr\/en\/o-nama\/","title":{"rendered":"About us"},"content":{"rendered":"<div data-elementor-type=\"wp-page\" data-elementor-id=\"105\" class=\"elementor elementor-105\">\n\t\t\t\t\t\t<section class=\"elementor-section elementor-top-section elementor-element elementor-element-954acb8 elementor-section-boxed elementor-section-height-default elementor-section-height-default\" data-id=\"954acb8\" data-element_type=\"section\" data-e-type=\"section\" data-settings=\"{&quot;background_background&quot;:&quot;classic&quot;}\">\n\t\t\t\t\t\t\t<div class=\"elementor-background-overlay\"><\/div>\n\t\t\t\t\t\t\t<div class=\"elementor-container elementor-column-gap-no\">\n\t\t\t\t\t<div class=\"elementor-column elementor-col-100 elementor-top-column elementor-element elementor-element-77d49fb\" data-id=\"77d49fb\" data-element_type=\"column\" data-e-type=\"column\">\n\t\t\t<div class=\"elementor-widget-wrap elementor-element-populated\">\n\t\t\t\t\t\t<div class=\"elementor-element elementor-element-4164874 elementor-widget elementor-widget-heading\" data-id=\"4164874\" data-element_type=\"widget\" data-e-type=\"widget\" data-widget_type=\"heading.default\">\n\t\t\t\t<div class=\"elementor-widget-container\">\n\t\t\t\t\t<h1 class=\"elementor-heading-title elementor-size-default\">Who are we?<\/h1>\t\t\t\t<\/div>\n\t\t\t\t<\/div>\n\t\t\t\t\t<\/div>\n\t\t<\/div>\n\t\t\t\t\t<\/div>\n\t\t<\/section>\n\t\t\t\t<section class=\"elementor-section elementor-top-section elementor-element elementor-element-c3c7397 elementor-section-boxed elementor-section-height-default elementor-section-height-default\" data-id=\"c3c7397\" data-element_type=\"section\" data-e-type=\"section\">\n\t\t\t\t\t\t<div class=\"elementor-container elementor-column-gap-no\">\n\t\t\t\t\t<div class=\"elementor-column elementor-col-100 elementor-top-column elementor-element elementor-element-706dbbf\" data-id=\"706dbbf\" data-element_type=\"column\" data-e-type=\"column\">\n\t\t\t<div class=\"elementor-widget-wrap elementor-element-populated\">\n\t\t\t\t\t\t<div class=\"elementor-element elementor-element-8fc1c07 elementor-widget elementor-widget-heading\" data-id=\"8fc1c07\" data-element_type=\"widget\" data-e-type=\"widget\" data-widget_type=\"heading.default\">\n\t\t\t\t<div class=\"elementor-widget-container\">\n\t\t\t\t\t<h5 class=\"elementor-heading-title elementor-size-default\">Adaptivo Cibus is a company specialized in providing various catering services, consultations, digital marketing services for caterers, training and education, consulting in all aspects of projects in the catering or hotel industry.<\/h5>\t\t\t\t<\/div>\n\t\t\t\t<\/div>\n\t\t\t\t<div class=\"elementor-element elementor-element-b99c008 elementor-widget elementor-widget-image\" data-id=\"b99c008\" data-element_type=\"widget\" data-e-type=\"widget\" data-widget_type=\"image.default\">\n\t\t\t\t<div class=\"elementor-widget-container\">\n\t\t\t\t\t\t\t\t\t\t\t\t\t\t\t<img fetchpriority=\"high\" decoding=\"async\" width=\"1280\" height=\"742\" src=\"https:\/\/adaptivocibus.hr\/wp-content\/uploads\/2023\/01\/pexels-elevate-1267320.jpg\" class=\"attachment-full size-full wp-image-2239\" alt=\"O nama\" srcset=\"https:\/\/adaptivocibus.hr\/wp-content\/uploads\/2023\/01\/pexels-elevate-1267320.jpg 1280w, https:\/\/adaptivocibus.hr\/wp-content\/uploads\/2023\/01\/pexels-elevate-1267320-300x174.jpg 300w, https:\/\/adaptivocibus.hr\/wp-content\/uploads\/2023\/01\/pexels-elevate-1267320-1024x594.jpg 1024w, https:\/\/adaptivocibus.hr\/wp-content\/uploads\/2023\/01\/pexels-elevate-1267320-768x445.jpg 768w\" sizes=\"(max-width: 1280px) 100vw, 1280px\" \/>\t\t\t\t\t\t\t\t\t\t\t\t\t\t\t<\/div>\n\t\t\t\t<\/div>\n\t\t\t\t\t<\/div>\n\t\t<\/div>\n\t\t\t\t\t<\/div>\n\t\t<\/section>\n\t\t\t\t<section class=\"elementor-section elementor-top-section elementor-element elementor-element-23dc75b elementor-section-boxed elementor-section-height-default elementor-section-height-default\" data-id=\"23dc75b\" data-element_type=\"section\" data-e-type=\"section\">\n\t\t\t\t\t\t<div class=\"elementor-container elementor-column-gap-no\">\n\t\t\t\t\t<div class=\"elementor-column elementor-col-100 elementor-top-column elementor-element elementor-element-abe5108\" data-id=\"abe5108\" data-element_type=\"column\" data-e-type=\"column\">\n\t\t\t<div class=\"elementor-widget-wrap elementor-element-populated\">\n\t\t\t\t\t\t<div class=\"elementor-element elementor-element-6a4afa1 elementor-widget__width-auto elementor-widget-mobile__width-inherit elementor-widget elementor-widget-heading\" data-id=\"6a4afa1\" data-element_type=\"widget\" data-e-type=\"widget\" data-widget_type=\"heading.default\">\n\t\t\t\t<div class=\"elementor-widget-container\">\n\t\t\t\t\t<h2 class=\"elementor-heading-title elementor-size-default\">Our history<\/h2>\t\t\t\t<\/div>\n\t\t\t\t<\/div>\n\t\t\t\t<div class=\"elementor-element elementor-element-a72b8b2 elementor-vertical-align-top elementor-widget elementor-widget-image-box\" data-id=\"a72b8b2\" data-element_type=\"widget\" data-e-type=\"widget\" data-widget_type=\"image-box.default\">\n\t\t\t\t<div class=\"elementor-widget-container\">\n\t\t\t\t\t<div class=\"elementor-image-box-wrapper\"><div class=\"elementor-image-box-content\"><h4 class=\"elementor-image-box-title\">A combination of unique service and rich flavors!<\/h4><p class=\"elementor-image-box-description\">The above includes from the smallest fast food restaurants to hotels, fine dining restaurants, bars, conference halls.\n\n\nWhen we add up the experience of all our employees, we have over 190 years of experience at your disposal. We have a constant passion and ability to complete and deliver projects safely on time and within your budget and the guidelines you have given us.\n\n<br><br>\nWe strive to achieve excellence through dedication, hard work and extensive experience in various hospitality fields.\n<br><br>\n\nAdaptivo Cibus d.o.o. it was created during the pandemic year 2021. Following numerous inquiries for consultations and promotions in implementation, an experienced team of catering and hotel professionals decided to establish a company and help numerous foreign and domestic investors in the implementation of their projects.\n\n<br><br>\nAt the same time, we responded to client inquiries for mystery shopping, staff training, and independent assessment of numerous facilities that needed a realistic and independent assessment, various condition evaluations, and offering solutions to improve the situation caused by a lack of staff or simply crisis circumstances on the market.\n<br><br>\n<\/p><\/div><\/div>\t\t\t\t<\/div>\n\t\t\t\t<\/div>\n\t\t\t\t\t<\/div>\n\t\t<\/div>\n\t\t\t\t\t<\/div>\n\t\t<\/section>\n\t\t\t\t<section class=\"elementor-section elementor-top-section elementor-element elementor-element-907abb9 elementor-section-boxed elementor-section-height-default elementor-section-height-default\" data-id=\"907abb9\" data-element_type=\"section\" data-e-type=\"section\" data-settings=\"{&quot;background_background&quot;:&quot;classic&quot;}\">\n\t\t\t\t\t\t\t<div class=\"elementor-background-overlay\"><\/div>\n\t\t\t\t\t\t\t<div class=\"elementor-container elementor-column-gap-default\">\n\t\t\t\t\t<div class=\"elementor-column elementor-col-100 elementor-top-column elementor-element elementor-element-898eeff\" data-id=\"898eeff\" data-element_type=\"column\" data-e-type=\"column\">\n\t\t\t<div class=\"elementor-widget-wrap\">\n\t\t\t\t\t\t\t<\/div>\n\t\t<\/div>\n\t\t\t\t\t<\/div>\n\t\t<\/section>\n\t\t\t\t<section class=\"elementor-section elementor-top-section elementor-element elementor-element-a4f8e85 elementor-section-boxed elementor-section-height-default elementor-section-height-default\" data-id=\"a4f8e85\" data-element_type=\"section\" data-e-type=\"section\">\n\t\t\t\t\t\t<div class=\"elementor-container elementor-column-gap-no\">\n\t\t\t\t\t<div class=\"elementor-column elementor-col-50 elementor-top-column elementor-element elementor-element-71ea97b\" data-id=\"71ea97b\" data-element_type=\"column\" data-e-type=\"column\">\n\t\t\t<div class=\"elementor-widget-wrap elementor-element-populated\">\n\t\t\t\t\t\t<div class=\"elementor-element elementor-element-72b7474 elementor-widget elementor-widget-heading\" data-id=\"72b7474\" data-element_type=\"widget\" data-e-type=\"widget\" data-widget_type=\"heading.default\">\n\t\t\t\t<div class=\"elementor-widget-container\">\n\t\t\t\t\t<h2 class=\"elementor-heading-title elementor-size-default\">We are loved by many!<\/h2>\t\t\t\t<\/div>\n\t\t\t\t<\/div>\n\t\t\t\t<div class=\"elementor-element elementor-element-8b3cc51 elementor-widget elementor-widget-testimonial\" data-id=\"8b3cc51\" data-element_type=\"widget\" data-e-type=\"widget\" data-widget_type=\"testimonial.default\">\n\t\t\t\t<div class=\"elementor-widget-container\">\n\t\t\t\t\t\t\t<div class=\"elementor-testimonial-wrapper\">\n\t\t\t\t\t\t\t<div class=\"elementor-testimonial-content\">Honest recommendations to everyone who is looking for partners for the education of their team. Expertise, support and good energy are what delighted us.\n<\/div>\n\t\t\t\n\t\t\t\t\t\t<div class=\"elementor-testimonial-meta elementor-has-image elementor-testimonial-image-position-aside\">\n\t\t\t\t<div class=\"elementor-testimonial-meta-inner\">\n\t\t\t\t\t\t\t\t\t\t\t<div class=\"elementor-testimonial-image\">\n\t\t\t\t\t\t\t<img decoding=\"async\" width=\"200\" height=\"200\" src=\"https:\/\/adaptivocibus.hr\/wp-content\/uploads\/2021\/05\/customer-img.jpg\" class=\"attachment-full size-full wp-image-84\" alt=\"\" srcset=\"https:\/\/adaptivocibus.hr\/wp-content\/uploads\/2021\/05\/customer-img.jpg 200w, https:\/\/adaptivocibus.hr\/wp-content\/uploads\/2021\/05\/customer-img-150x150.jpg 150w, https:\/\/adaptivocibus.hr\/wp-content\/uploads\/2021\/05\/customer-img-100x100.jpg 100w\" sizes=\"(max-width: 200px) 100vw, 200px\" \/>\t\t\t\t\t\t<\/div>\n\t\t\t\t\t\n\t\t\t\t\t\t\t\t\t\t<div class=\"elementor-testimonial-details\">\n\t\t\t\t\t\t\t\t\t\t\t\t\t\t<div class=\"elementor-testimonial-name\">Ana Marija Koren<\/div>\n\t\t\t\t\t\t\t\t\t\t\t\t\t\t\t\t\t\t\t<\/div>\n\t\t\t\t\t\t\t\t\t<\/div>\n\t\t\t<\/div>\n\t\t\t\t\t<\/div>\n\t\t\t\t\t\t<\/div>\n\t\t\t\t<\/div>\n\t\t\t\t\t<\/div>\n\t\t<\/div>\n\t\t\t\t<div class=\"elementor-column elementor-col-50 elementor-top-column elementor-element elementor-element-d0964e5\" data-id=\"d0964e5\" data-element_type=\"column\" data-e-type=\"column\">\n\t\t\t<div class=\"elementor-widget-wrap elementor-element-populated\">\n\t\t\t\t\t\t<div class=\"elementor-element elementor-element-c79ae33 elementor-widget elementor-widget-testimonial\" data-id=\"c79ae33\" data-element_type=\"widget\" data-e-type=\"widget\" data-widget_type=\"testimonial.default\">\n\t\t\t\t<div class=\"elementor-widget-container\">\n\t\t\t\t\t\t\t<div class=\"elementor-testimonial-wrapper\">\n\t\t\t\t\t\t\t<div class=\"elementor-testimonial-content\">Great food and great service, always smiling faces and people who like to spread positivity.\n<\/div>\n\t\t\t\n\t\t\t\t\t\t<div class=\"elementor-testimonial-meta elementor-has-image elementor-testimonial-image-position-aside\">\n\t\t\t\t<div class=\"elementor-testimonial-meta-inner\">\n\t\t\t\t\t\t\t\t\t\t\t<div class=\"elementor-testimonial-image\">\n\t\t\t\t\t\t\t<img decoding=\"async\" width=\"200\" height=\"200\" src=\"https:\/\/adaptivocibus.hr\/wp-content\/uploads\/2021\/05\/customer-1.jpg\" class=\"attachment-full size-full wp-image-82\" alt=\"\" srcset=\"https:\/\/adaptivocibus.hr\/wp-content\/uploads\/2021\/05\/customer-1.jpg 200w, https:\/\/adaptivocibus.hr\/wp-content\/uploads\/2021\/05\/customer-1-150x150.jpg 150w, https:\/\/adaptivocibus.hr\/wp-content\/uploads\/2021\/05\/customer-1-100x100.jpg 100w\" sizes=\"(max-width: 200px) 100vw, 200px\" \/>\t\t\t\t\t\t<\/div>\n\t\t\t\t\t\n\t\t\t\t\t\t\t\t\t\t<div class=\"elementor-testimonial-details\">\n\t\t\t\t\t\t\t\t\t\t\t\t\t\t<div class=\"elementor-testimonial-name\">Hrvoje Jurkovi\u0107<\/div>\n\t\t\t\t\t\t\t\t\t\t\t\t\t\t\t\t\t\t\t<\/div>\n\t\t\t\t\t\t\t\t\t<\/div>\n\t\t\t<\/div>\n\t\t\t\t\t<\/div>\n\t\t\t\t\t\t<\/div>\n\t\t\t\t<\/div>\n\t\t\t\t<div class=\"elementor-element elementor-element-4f0c78b elementor-widget elementor-widget-testimonial\" data-id=\"4f0c78b\" data-element_type=\"widget\" data-e-type=\"widget\" data-widget_type=\"testimonial.default\">\n\t\t\t\t<div class=\"elementor-widget-container\">\n\t\t\t\t\t\t\t<div class=\"elementor-testimonial-wrapper\">\n\t\t\t\t\t\t\t<div class=\"elementor-testimonial-content\">I rarely give reviews, but the guys from Adaptiv are the good spirit of Zagreb and really provide top-notch catering service.\n<\/div>\n\t\t\t\n\t\t\t\t\t\t<div class=\"elementor-testimonial-meta elementor-has-image elementor-testimonial-image-position-aside\">\n\t\t\t\t<div class=\"elementor-testimonial-meta-inner\">\n\t\t\t\t\t\t\t\t\t\t\t<div class=\"elementor-testimonial-image\">\n\t\t\t\t\t\t\t<img loading=\"lazy\" decoding=\"async\" width=\"200\" height=\"200\" src=\"https:\/\/adaptivocibus.hr\/wp-content\/uploads\/2021\/05\/customer-img1.jpg\" class=\"attachment-full size-full wp-image-85\" alt=\"\" srcset=\"https:\/\/adaptivocibus.hr\/wp-content\/uploads\/2021\/05\/customer-img1.jpg 200w, https:\/\/adaptivocibus.hr\/wp-content\/uploads\/2021\/05\/customer-img1-150x150.jpg 150w, https:\/\/adaptivocibus.hr\/wp-content\/uploads\/2021\/05\/customer-img1-100x100.jpg 100w\" sizes=\"(max-width: 200px) 100vw, 200px\" \/>\t\t\t\t\t\t<\/div>\n\t\t\t\t\t\n\t\t\t\t\t\t\t\t\t\t<div class=\"elementor-testimonial-details\">\n\t\t\t\t\t\t\t\t\t\t\t\t\t\t<div class=\"elementor-testimonial-name\">Kristina Foster<\/div>\n\t\t\t\t\t\t\t\t\t\t\t\t\t\t\t\t\t\t\t<\/div>\n\t\t\t\t\t\t\t\t\t<\/div>\n\t\t\t<\/div>\n\t\t\t\t\t<\/div>\n\t\t\t\t\t\t<\/div>\n\t\t\t\t<\/div>\n\t\t\t\t\t<\/div>\n\t\t<\/div>\n\t\t\t\t\t<\/div>\n\t\t<\/section>\n\t\t\t\t<\/div>","protected":false},"excerpt":{"rendered":"<p>Tko smo? Adaptivo Cibus je tvrtka specijalizirana za pru\u017eanje raznih ugostiteljskih usluga, konzultacija, usluga digitalnog marketinga za ugostitelje, trening I izobrazbu, savjetovanje u svim aspektima projekta u ugostiteljskoj ili hotelskoj industriji. Na\u0161a povijest Spoj jedinstvene usluge i bogatih okusa! Navedeno uklju\u010duje od najmanjih fast food restorana do hotela, fine dining restorana, barove, konferencijske dvorane. Kad [&hellip;]<\/p>\n","protected":false},"author":1,"featured_media":0,"parent":0,"menu_order":0,"comment_status":"closed","ping_status":"closed","template":"","meta":{"site-sidebar-layout":"no-sidebar","site-content-layout":"page-builder","ast-site-content-layout":"default","site-content-style":"default","site-sidebar-style":"default","ast-global-header-display":"","ast-banner-title-visibility":"","ast-main-header-display":"","ast-hfb-above-header-display":"","ast-hfb-below-header-display":"","ast-hfb-mobile-header-display":"","site-post-title":"disabled","ast-breadcrumbs-content":"","ast-featured-img":"disabled","footer-sml-layout":"","ast-disable-related-posts":"","theme-transparent-header-meta":"enabled","adv-header-id-meta":"","stick-header-meta":"default","header-above-stick-meta":"","header-main-stick-meta":"","header-below-stick-meta":"","astra-migrate-meta-layouts":"default","ast-page-background-enabled":"default","ast-page-background-meta":{"desktop":{"background-color":"","background-image":"","background-repeat":"repeat","background-position":"center center","background-size":"auto","background-attachment":"scroll","background-type":"","background-media":"","overlay-type":"","overlay-color":"","overlay-opacity":"","overlay-gradient":""},"tablet":{"background-color":"","background-image":"","background-repeat":"repeat","background-position":"center center","background-size":"auto","background-attachment":"scroll","background-type":"","background-media":"","overlay-type":"","overlay-color":"","overlay-opacity":"","overlay-gradient":""},"mobile":{"background-color":"","background-image":"","background-repeat":"repeat","background-position":"center center","background-size":"auto","background-attachment":"scroll","background-type":"","background-media":"","overlay-type":"","overlay-color":"","overlay-opacity":"","overlay-gradient":""}},"ast-content-background-meta":{"desktop":{"background-color":"var(--ast-global-color-5)","background-image":"","background-repeat":"repeat","background-position":"center center","background-size":"auto","background-attachment":"scroll","background-type":"","background-media":"","overlay-type":"","overlay-color":"","overlay-opacity":"","overlay-gradient":""},"tablet":{"background-color":"var(--ast-global-color-5)","background-image":"","background-repeat":"repeat","background-position":"center center","background-size":"auto","background-attachment":"scroll","background-type":"","background-media":"","overlay-type":"","overlay-color":"","overlay-opacity":"","overlay-gradient":""},"mobile":{"background-color":"var(--ast-global-color-5)","background-image":"","background-repeat":"repeat","background-position":"center center","background-size":"auto","background-attachment":"scroll","background-type":"","background-media":"","overlay-type":"","overlay-color":"","overlay-opacity":"","overlay-gradient":""}},"footnotes":""},"class_list":["post-105","page","type-page","status-publish","hentry"],"yoast_head":"<!-- This site is optimized with the Yoast SEO plugin v27.1.1 - https:\/\/yoast.com\/product\/yoast-seo-wordpress\/ -->\n<title>O nama -<\/title>\n<meta name=\"description\" content=\"Adaptivo Cibus je tvrtka specijalizirana za pru\u017eanje raznih ugostiteljskih usluga. Na ovojs tranici saznajte vi\u0161e o nama i na\u0161em radu.\" \/>\n<meta name=\"robots\" content=\"index, follow, max-snippet:-1, max-image-preview:large, max-video-preview:-1\" \/>\n<link rel=\"canonical\" href=\"https:\/\/adaptivocibus.hr\/en\/o-nama\/\" \/>\n<meta property=\"og:locale\" content=\"en_GB\" \/>\n<meta property=\"og:type\" content=\"article\" \/>\n<meta property=\"og:title\" content=\"O nama -\" \/>\n<meta property=\"og:description\" content=\"Adaptivo Cibus je tvrtka specijalizirana za pru\u017eanje raznih ugostiteljskih usluga. Na ovojs tranici saznajte vi\u0161e o nama i na\u0161em radu.\" \/>\n<meta property=\"og:url\" content=\"https:\/\/adaptivocibus.hr\/en\/o-nama\/\" \/>\n<meta property=\"article:publisher\" content=\"https:\/\/www.facebook.com\/adaptivocibus\/\" \/>\n<meta property=\"article:modified_time\" content=\"2023-03-10T16:55:43+00:00\" \/>\n<meta property=\"og:image\" content=\"https:\/\/adaptivocibus.hr\/wp-content\/uploads\/2023\/01\/pexels-elevate-1267320.jpg\" \/>\n<meta name=\"twitter:card\" content=\"summary_large_image\" \/>\n<meta name=\"twitter:label1\" content=\"Estimated reading time\" \/>\n\t<meta name=\"twitter:data1\" content=\"3 minutes\" \/>\n<script type=\"application\/ld+json\" class=\"yoast-schema-graph\">{\"@context\":\"https:\/\/schema.org\",\"@graph\":[{\"@type\":\"WebPage\",\"@id\":\"https:\/\/adaptivocibus.hr\/o-nama\/\",\"url\":\"https:\/\/adaptivocibus.hr\/o-nama\/\",\"name\":\"O nama -\",\"isPartOf\":{\"@id\":\"https:\/\/adaptivocibus.hr\/#website\"},\"primaryImageOfPage\":{\"@id\":\"https:\/\/adaptivocibus.hr\/o-nama\/#primaryimage\"},\"image\":{\"@id\":\"https:\/\/adaptivocibus.hr\/o-nama\/#primaryimage\"},\"thumbnailUrl\":\"https:\/\/adaptivocibus.hr\/wp-content\/uploads\/2023\/01\/pexels-elevate-1267320.jpg\",\"datePublished\":\"2021-05-07T16:15:15+00:00\",\"dateModified\":\"2023-03-10T16:55:43+00:00\",\"description\":\"Adaptivo Cibus je tvrtka specijalizirana za pru\u017eanje raznih ugostiteljskih usluga. Na ovojs tranici saznajte vi\u0161e o nama i na\u0161em radu.\",\"breadcrumb\":{\"@id\":\"https:\/\/adaptivocibus.hr\/o-nama\/#breadcrumb\"},\"inLanguage\":\"en-GB\",\"potentialAction\":[{\"@type\":\"ReadAction\",\"target\":[\"https:\/\/adaptivocibus.hr\/o-nama\/\"]}]},{\"@type\":\"ImageObject\",\"inLanguage\":\"en-GB\",\"@id\":\"https:\/\/adaptivocibus.hr\/o-nama\/#primaryimage\",\"url\":\"https:\/\/adaptivocibus.hr\/wp-content\/uploads\/2023\/01\/pexels-elevate-1267320.jpg\",\"contentUrl\":\"https:\/\/adaptivocibus.hr\/wp-content\/uploads\/2023\/01\/pexels-elevate-1267320.jpg\"},{\"@type\":\"BreadcrumbList\",\"@id\":\"https:\/\/adaptivocibus.hr\/o-nama\/#breadcrumb\",\"itemListElement\":[{\"@type\":\"ListItem\",\"position\":1,\"name\":\"Po\u010detna stranica\",\"item\":\"https:\/\/adaptivocibus.hr\/en\/\"},{\"@type\":\"ListItem\",\"position\":2,\"name\":\"O nama\"}]},{\"@type\":\"WebSite\",\"@id\":\"https:\/\/adaptivocibus.hr\/#website\",\"url\":\"https:\/\/adaptivocibus.hr\/\",\"name\":\"Adaptivo Cibus d.o.o.\",\"description\":\"\",\"publisher\":{\"@id\":\"https:\/\/adaptivocibus.hr\/#organization\"},\"potentialAction\":[{\"@type\":\"SearchAction\",\"target\":{\"@type\":\"EntryPoint\",\"urlTemplate\":\"https:\/\/adaptivocibus.hr\/?s={search_term_string}\"},\"query-input\":{\"@type\":\"PropertyValueSpecification\",\"valueRequired\":true,\"valueName\":\"search_term_string\"}}],\"inLanguage\":\"en-GB\"},{\"@type\":\"Organization\",\"@id\":\"https:\/\/adaptivocibus.hr\/#organization\",\"name\":\"Adaptivo Cibus d.o.o.\",\"url\":\"https:\/\/adaptivocibus.hr\/\",\"logo\":{\"@type\":\"ImageObject\",\"inLanguage\":\"en-GB\",\"@id\":\"https:\/\/adaptivocibus.hr\/#\/schema\/logo\/image\/\",\"url\":\"https:\/\/adaptivocibus.hr\/wp-content\/uploads\/2023\/01\/aDAPTIVO.png\",\"contentUrl\":\"https:\/\/adaptivocibus.hr\/wp-content\/uploads\/2023\/01\/aDAPTIVO.png\",\"width\":1339,\"height\":635,\"caption\":\"Adaptivo Cibus d.o.o.\"},\"image\":{\"@id\":\"https:\/\/adaptivocibus.hr\/#\/schema\/logo\/image\/\"},\"sameAs\":[\"https:\/\/www.facebook.com\/adaptivocibus\/\",\"https:\/\/www.instagram.com\/adaptivocibus.hr\/\"]}]}<\/script>\n<!-- \/ Yoast SEO plugin. -->","yoast_head_json":{"title":"O nama -","description":"Adaptivo Cibus je tvrtka specijalizirana za pru\u017eanje raznih ugostiteljskih usluga. Na ovojs tranici saznajte vi\u0161e o nama i na\u0161em radu.","robots":{"index":"index","follow":"follow","max-snippet":"max-snippet:-1","max-image-preview":"max-image-preview:large","max-video-preview":"max-video-preview:-1"},"canonical":"https:\/\/adaptivocibus.hr\/en\/o-nama\/","og_locale":"en_GB","og_type":"article","og_title":"O nama -","og_description":"Adaptivo Cibus je tvrtka specijalizirana za pru\u017eanje raznih ugostiteljskih usluga. Na ovojs tranici saznajte vi\u0161e o nama i na\u0161em radu.","og_url":"https:\/\/adaptivocibus.hr\/en\/o-nama\/","article_publisher":"https:\/\/www.facebook.com\/adaptivocibus\/","article_modified_time":"2023-03-10T16:55:43+00:00","og_image":[{"url":"https:\/\/adaptivocibus.hr\/wp-content\/uploads\/2023\/01\/pexels-elevate-1267320.jpg","type":"","width":"","height":""}],"twitter_card":"summary_large_image","twitter_misc":{"Estimated reading time":"3 minutes"},"schema":{"@context":"https:\/\/schema.org","@graph":[{"@type":"WebPage","@id":"https:\/\/adaptivocibus.hr\/o-nama\/","url":"https:\/\/adaptivocibus.hr\/o-nama\/","name":"O nama -","isPartOf":{"@id":"https:\/\/adaptivocibus.hr\/#website"},"primaryImageOfPage":{"@id":"https:\/\/adaptivocibus.hr\/o-nama\/#primaryimage"},"image":{"@id":"https:\/\/adaptivocibus.hr\/o-nama\/#primaryimage"},"thumbnailUrl":"https:\/\/adaptivocibus.hr\/wp-content\/uploads\/2023\/01\/pexels-elevate-1267320.jpg","datePublished":"2021-05-07T16:15:15+00:00","dateModified":"2023-03-10T16:55:43+00:00","description":"Adaptivo Cibus je tvrtka specijalizirana za pru\u017eanje raznih ugostiteljskih usluga. Na ovojs tranici saznajte vi\u0161e o nama i na\u0161em radu.","breadcrumb":{"@id":"https:\/\/adaptivocibus.hr\/o-nama\/#breadcrumb"},"inLanguage":"en-GB","potentialAction":[{"@type":"ReadAction","target":["https:\/\/adaptivocibus.hr\/o-nama\/"]}]},{"@type":"ImageObject","inLanguage":"en-GB","@id":"https:\/\/adaptivocibus.hr\/o-nama\/#primaryimage","url":"https:\/\/adaptivocibus.hr\/wp-content\/uploads\/2023\/01\/pexels-elevate-1267320.jpg","contentUrl":"https:\/\/adaptivocibus.hr\/wp-content\/uploads\/2023\/01\/pexels-elevate-1267320.jpg"},{"@type":"BreadcrumbList","@id":"https:\/\/adaptivocibus.hr\/o-nama\/#breadcrumb","itemListElement":[{"@type":"ListItem","position":1,"name":"Po\u010detna stranica","item":"https:\/\/adaptivocibus.hr\/en\/"},{"@type":"ListItem","position":2,"name":"O nama"}]},{"@type":"WebSite","@id":"https:\/\/adaptivocibus.hr\/#website","url":"https:\/\/adaptivocibus.hr\/","name":"Adaptivo Cibus d.o.o.","description":"","publisher":{"@id":"https:\/\/adaptivocibus.hr\/#organization"},"potentialAction":[{"@type":"SearchAction","target":{"@type":"EntryPoint","urlTemplate":"https:\/\/adaptivocibus.hr\/?s={search_term_string}"},"query-input":{"@type":"PropertyValueSpecification","valueRequired":true,"valueName":"search_term_string"}}],"inLanguage":"en-GB"},{"@type":"Organization","@id":"https:\/\/adaptivocibus.hr\/#organization","name":"Adaptivo Cibus d.o.o.","url":"https:\/\/adaptivocibus.hr\/","logo":{"@type":"ImageObject","inLanguage":"en-GB","@id":"https:\/\/adaptivocibus.hr\/#\/schema\/logo\/image\/","url":"https:\/\/adaptivocibus.hr\/wp-content\/uploads\/2023\/01\/aDAPTIVO.png","contentUrl":"https:\/\/adaptivocibus.hr\/wp-content\/uploads\/2023\/01\/aDAPTIVO.png","width":1339,"height":635,"caption":"Adaptivo Cibus d.o.o."},"image":{"@id":"https:\/\/adaptivocibus.hr\/#\/schema\/logo\/image\/"},"sameAs":["https:\/\/www.facebook.com\/adaptivocibus\/","https:\/\/www.instagram.com\/adaptivocibus.hr\/"]}]}},"_links":{"self":[{"href":"https:\/\/adaptivocibus.hr\/en\/wp-json\/wp\/v2\/pages\/105","targetHints":{"allow":["GET"]}}],"collection":[{"href":"https:\/\/adaptivocibus.hr\/en\/wp-json\/wp\/v2\/pages"}],"about":[{"href":"https:\/\/adaptivocibus.hr\/en\/wp-json\/wp\/v2\/types\/page"}],"author":[{"embeddable":true,"href":"https:\/\/adaptivocibus.hr\/en\/wp-json\/wp\/v2\/users\/1"}],"replies":[{"embeddable":true,"href":"https:\/\/adaptivocibus.hr\/en\/wp-json\/wp\/v2\/comments?post=105"}],"version-history":[{"count":27,"href":"https:\/\/adaptivocibus.hr\/en\/wp-json\/wp\/v2\/pages\/105\/revisions"}],"predecessor-version":[{"id":2344,"href":"https:\/\/adaptivocibus.hr\/en\/wp-json\/wp\/v2\/pages\/105\/revisions\/2344"}],"wp:attachment":[{"href":"https:\/\/adaptivocibus.hr\/en\/wp-json\/wp\/v2\/media?parent=105"}],"curies":[{"name":"wp","href":"https:\/\/api.w.org\/{rel}","templated":true}]}}